{"id":1077,"date":"2022-11-03T20:15:50","date_gmt":"2022-11-03T20:15:50","guid":{"rendered":"https:\/\/virginiacentrobelleza.es\/?page_id=1077"},"modified":"2022-11-03T21:14:38","modified_gmt":"2022-11-03T21:14:38","slug":"elementor-1077","status":"publish","type":"page","link":"https:\/\/virginiacentrobelleza.es\/index.php\/elementor-1077\/","title":{"rendered":"MASAJE RELAJANTE"},"content":{"rendered":"\t\t<div data-elementor-type=\"wp-page\" data-elementor-id=\"1077\" class=\"elementor elementor-1077\">\n\t\t\t\t\t\t<section class=\"elementor-section elementor-top-section elementor-element elementor-element-5e24fe7 elementor-section-boxed elementor-section-height-default elementor-section-height-default\" data-id=\"5e24fe7\" data-element_type=\"section\">\n\t\t\t\t\t\t<div class=\"elementor-container elementor-column-gap-default\">\n\t\t\t\t\t<div class=\"elementor-column elementor-col-100 elementor-top-column elementor-element elementor-element-f35b47d\" data-id=\"f35b47d\" data-element_type=\"column\">\n\t\t\t<div class=\"elementor-widget-wrap elementor-element-populated\">\n\t\t\t\t\t\t<div class=\"elementor-element elementor-element-453f825 elementor-widget elementor-widget-spacer\" data-id=\"453f825\" data-element_type=\"widget\" data-widget_type=\"spacer.default\">\n\t\t\t\t<div class=\"elementor-widget-container\">\n\t\t\t\t\t\t\t<div class=\"elementor-spacer\">\n\t\t\t<div class=\"elementor-spacer-inner\"><\/div>\n\t\t<\/div>\n\t\t\t\t\t\t<\/div>\n\t\t\t\t<\/div>\n\t\t\t\t<div class=\"elementor-element elementor-element-a0ec7d1 elementor-invisible elementor-widget elementor-widget-heading\" data-id=\"a0ec7d1\" data-element_type=\"widget\" data-settings=\"{&quot;_animation&quot;:&quot;zoomIn&quot;}\" data-widget_type=\"heading.default\">\n\t\t\t\t<div class=\"elementor-widget-container\">\n\t\t\t\t\t<h2 class=\"elementor-heading-title elementor-size-default\">MASAJE RELAJANTE <\/h2>\t\t\t\t<\/div>\n\t\t\t\t<\/div>\n\t\t\t\t\t<\/div>\n\t\t<\/div>\n\t\t\t\t\t<\/div>\n\t\t<\/section>\n\t\t\t\t<section class=\"elementor-section elementor-top-section elementor-element elementor-element-da0d1f9 elementor-section-boxed elementor-section-height-default elementor-section-height-default\" data-id=\"da0d1f9\" data-element_type=\"section\">\n\t\t\t\t\t\t<div class=\"elementor-container elementor-column-gap-default\">\n\t\t\t\t\t<div class=\"elementor-column elementor-col-100 elementor-top-column elementor-element elementor-element-4712465\" data-id=\"4712465\" data-element_type=\"column\">\n\t\t\t<div class=\"elementor-widget-wrap\">\n\t\t\t\t\t\t\t<\/div>\n\t\t<\/div>\n\t\t\t\t\t<\/div>\n\t\t<\/section>\n\t\t\t\t<section class=\"elementor-section elementor-top-section elementor-element elementor-element-3b1c885 elementor-section-boxed elementor-section-height-default elementor-section-height-default elementor-invisible\" data-id=\"3b1c885\" data-element_type=\"section\" data-settings=\"{&quot;animation&quot;:&quot;zoomIn&quot;}\">\n\t\t\t\t\t\t<div class=\"elementor-container elementor-column-gap-default\">\n\t\t\t\t\t<div class=\"elementor-column elementor-col-100 elementor-top-column elementor-element elementor-element-fb25858\" data-id=\"fb25858\" data-element_type=\"column\">\n\t\t\t<div class=\"elementor-widget-wrap elementor-element-populated\">\n\t\t\t\t\t\t<div class=\"elementor-element elementor-element-434c102 elementor-invisible elementor-widget elementor-widget-text-editor\" data-id=\"434c102\" data-element_type=\"widget\" data-settings=\"{&quot;_animation&quot;:&quot;zoomIn&quot;}\" data-widget_type=\"text-editor.default\">\n\t\t\t\t<div class=\"elementor-widget-container\">\n\t\t\t\t\t\t\t\t\t<p><strong>Si necesitas<\/strong><strong>\u00a0reducir tensiones musculares\u00a0<\/strong><strong>y<\/strong><strong>\u00a0aliviar el estr\u00e9s<\/strong><strong>, la<\/strong><strong>\u00a0ansiedad<\/strong><strong>\u00a0<\/strong><strong>y las tensiones del d\u00eda a d\u00eda, \u00e9ste es tu<\/strong><strong>\u00a0masaje<\/strong><strong>.\u00a0<\/strong><\/p><p><strong>Se trata de una terapia de manipulaci\u00f3n suave para conseguir un estado de relajaci\u00f3n mental y corporal.\u00a0<\/strong><\/p><p><strong>El objetivo de este masaje es que experimentes una<\/strong><strong>\u00a0sensaci\u00f3n de bienestar<\/strong><strong>, que mejores la circulaci\u00f3n sangu\u00ednea y linf\u00e1tica.<\/strong><\/p><p><strong>Los masajes\u00a0<\/strong><strong>activan el sistema circulatorio<\/strong><strong>, lo cual permite que todo el cuerpo humano reciba mayor cantidad de ox\u00edgeno.\u00a0<\/strong><strong style=\"font-style: inherit;\">Al activar la circulaci\u00f3n se consigue disminuir la presi\u00f3n arterial y se mejora la inflamaci\u00f3n de las extremidades causada por problemas vasculares como las venas varicosas.\u00a0<\/strong><\/p><p><strong style=\"font-style: inherit;\">Por si fuera poco, debemos recordar que la piel se nutre de la composici\u00f3n sangu\u00ednea, por lo tanto, mientras mejor circule la sangre por todo el cuerpo, mejor lucir\u00e1 tu piel. Un tejido m\u00e1s hidratado y saludable es posible con un masaje relajante.<\/strong><\/p><p><strong>Est\u00e1 comprobado, despu\u00e9s de un masaje relajante la persona se siente renovada por dentro y por fuera. Y es que esta terapia\u00a0<\/strong><strong>estimula la secreci\u00f3n de la hormona serotonina<\/strong><strong>, sustancia responsable de mantener en equilibrio el estado de \u00e1nimo de las personas. Por lo tanto, cuando te haces un masaje relajante no solo saldr\u00e1s contento, sino que combatir\u00e1s de forma casi instant\u00e1nea los s\u00edntomas de la ansiedad.<\/strong><\/p><p><strong>El estr\u00e9s, las preocupaciones, una vida sedentaria y estar muchas horas del d\u00eda sentado causan tensi\u00f3n y dolor muscular. Un masaje relajante es la mejor opci\u00f3n para aliviar dichos s\u00edntomas, prevenir contracturas y conseguir movernos sin molestias ni complicaciones. Incluso, est\u00e1 comprobado que este tipo de terapia es muy eficaz para disminuir las dolencias causadas por condiciones como la osteoartritis.<\/strong><\/p><p><strong>Te sentir\u00e1s mejor y saldr\u00e1s con las \u201cpilas cargadas\u201d.\u00a0<\/strong><\/p><p><strong>Simplemente<\/strong><strong>\u00a0ven y rel\u00e1jate<\/strong><strong>.<\/strong><\/p><p>\u00a0<\/p><p>\u00a0<\/p><p style=\"text-align: left;\"><strong>El resultado:\u00a0<\/strong><\/p><ul><li><h3><strong> Ayudan a reducir el dolor de espalda y cabeza.<\/strong><\/h3><\/li><li><h3><strong> Reducen la presi\u00f3n sangu\u00ednea y mejora la circulaci\u00f3n.\u00a0<\/strong><\/h3><\/li><\/ul><h3>\u00a0 \u00a0 \u00a0\u00b7 Combaten la ansiedad y depresi\u00f3n.<\/h3><h3>\u00a0 \u00a0 \u00a0\u00b7 Favorecen la eliminaci\u00f3n de toxinas.<\/h3><h3>\u00a0 \u00a0 \u00a0\u00b7 Disminuyen la tensi\u00f3n muscular y fomentan la flexibilidad.<\/h3><h3>\u00a0<\/h3>\t\t\t\t\t\t\t\t<\/div>\n\t\t\t\t<\/div>\n\t\t\t\t\t<\/div>\n\t\t<\/div>\n\t\t\t\t\t<\/div>\n\t\t<\/section>\n\t\t\t\t<\/div>\n\t\t","protected":false},"excerpt":{"rendered":"<p>MASAJE RELAJANTE Si necesitas\u00a0reducir tensiones musculares\u00a0y\u00a0aliviar el estr\u00e9s, la\u00a0ansiedad\u00a0y las tensiones del d\u00eda a d\u00eda, \u00e9ste es tu\u00a0masaje.\u00a0 Se trata de una terapia de manipulaci\u00f3n suave para conseguir un estado de relajaci\u00f3n mental y corporal.\u00a0 El objetivo de este masaje es que experimentes una\u00a0sensaci\u00f3n de bienestar, que mejores la circulaci\u00f3n sangu\u00ednea y linf\u00e1tica. Los masajes\u00a0activan [&hellip;]<\/p>\n","protected":false},"author":1,"featured_media":0,"parent":0,"menu_order":0,"comment_status":"closed","ping_status":"closed","template":"","meta":{"site-sidebar-layout":"no-sidebar","site-content-layout":"page-builder","ast-site-content-layout":"","site-content-style":"default","site-sidebar-style":"default","ast-global-header-display":"","ast-banner-title-visibility":"","ast-main-header-display":"","ast-hfb-above-header-display":"","ast-hfb-below-header-display":"","ast-hfb-mobile-header-display":"","site-post-title":"disabled","ast-breadcrumbs-content":"","ast-featured-img":"disabled","footer-sml-layout":"","theme-transparent-header-meta":"","adv-header-id-meta":"","stick-header-meta":"","header-above-stick-meta":"","header-main-stick-meta":"","header-below-stick-meta":"","astra-migrate-meta-layouts":"default","ast-page-background-enabled":"default","ast-page-background-meta":{"desktop":{"background-color":"var(--ast-global-color-4)","background-image":"","background-repeat":"repeat","background-position":"center center","background-size":"auto","background-attachment":"scroll","background-type":"","background-media":"","overlay-type":"","overlay-color":"","overlay-opacity":"","overlay-gradient":""},"tablet":{"background-color":"","background-image":"","background-repeat":"repeat","background-position":"center center","background-size":"auto","background-attachment":"scroll","background-type":"","background-media":"","overlay-type":"","overlay-color":"","overlay-opacity":"","overlay-gradient":""},"mobile":{"background-color":"","background-image":"","background-repeat":"repeat","background-position":"center center","background-size":"auto","background-attachment":"scroll","background-type":"","background-media":"","overlay-type":"","overlay-color":"","overlay-opacity":"","overlay-gradient":""}},"ast-content-background-meta":{"desktop":{"background-color":"var(--ast-global-color-5)","background-image":"","background-repeat":"repeat","background-position":"center center","background-size":"auto","background-attachment":"scroll","background-type":"","background-media":"","overlay-type":"","overlay-color":"","overlay-opacity":"","overlay-gradient":""},"tablet":{"background-color":"var(--ast-global-color-5)","background-image":"","background-repeat":"repeat","background-position":"center center","background-size":"auto","background-attachment":"scroll","background-type":"","background-media":"","overlay-type":"","overlay-color":"","overlay-opacity":"","overlay-gradient":""},"mobile":{"background-color":"var(--ast-global-color-5)","background-image":"","background-repeat":"repeat","background-position":"center center","background-size":"auto","background-attachment":"scroll","background-type":"","background-media":"","overlay-type":"","overlay-color":"","overlay-opacity":"","overlay-gradient":""}},"footnotes":""},"class_list":["post-1077","page","type-page","status-publish","hentry"],"yoast_head":"<!-- This site is optimized with the Yoast SEO plugin v21.0 - https:\/\/yoast.com\/wordpress\/plugins\/seo\/ -->\n<title>MASAJE RELAJANTE &raquo; centrovirginia.es<\/title>\n<meta name=\"robots\" content=\"index, follow, max-snippet:-1, max-image-preview:large, max-video-preview:-1\" \/>\n<link rel=\"canonical\" href=\"https:\/\/virginiacentrobelleza.es\/index.php\/elementor-1077\/\" \/>\n<meta property=\"og:locale\" content=\"es_ES\" \/>\n<meta property=\"og:type\" content=\"article\" \/>\n<meta property=\"og:title\" content=\"MASAJE RELAJANTE &raquo; centrovirginia.es\" \/>\n<meta property=\"og:description\" content=\"MASAJE RELAJANTE Si necesitas\u00a0reducir tensiones musculares\u00a0y\u00a0aliviar el estr\u00e9s, la\u00a0ansiedad\u00a0y las tensiones del d\u00eda a d\u00eda, \u00e9ste es tu\u00a0masaje.\u00a0 Se trata de una terapia de manipulaci\u00f3n suave para conseguir un estado de relajaci\u00f3n mental y corporal.\u00a0 El objetivo de este masaje es que experimentes una\u00a0sensaci\u00f3n de bienestar, que mejores la circulaci\u00f3n sangu\u00ednea y linf\u00e1tica. Los masajes\u00a0activan [&hellip;]\" \/>\n<meta property=\"og:url\" content=\"https:\/\/virginiacentrobelleza.es\/index.php\/elementor-1077\/\" \/>\n<meta property=\"og:site_name\" content=\"centrovirginia.es\" \/>\n<meta property=\"article:modified_time\" content=\"2022-11-03T21:14:38+00:00\" \/>\n<meta name=\"twitter:card\" content=\"summary_large_image\" \/>\n<meta name=\"twitter:label1\" content=\"Tiempo de lectura\" \/>\n\t<meta name=\"twitter:data1\" content=\"2 minutos\" \/>\n<script type=\"application\/ld+json\" class=\"yoast-schema-graph\">{\"@context\":\"https:\/\/schema.org\",\"@graph\":[{\"@type\":\"WebPage\",\"@id\":\"https:\/\/virginiacentrobelleza.es\/index.php\/elementor-1077\/\",\"url\":\"https:\/\/virginiacentrobelleza.es\/index.php\/elementor-1077\/\",\"name\":\"MASAJE RELAJANTE &raquo; centrovirginia.es\",\"isPartOf\":{\"@id\":\"https:\/\/virginiacentrobelleza.es\/#website\"},\"datePublished\":\"2022-11-03T20:15:50+00:00\",\"dateModified\":\"2022-11-03T21:14:38+00:00\",\"breadcrumb\":{\"@id\":\"https:\/\/virginiacentrobelleza.es\/index.php\/elementor-1077\/#breadcrumb\"},\"inLanguage\":\"es\",\"potentialAction\":[{\"@type\":\"ReadAction\",\"target\":[\"https:\/\/virginiacentrobelleza.es\/index.php\/elementor-1077\/\"]}]},{\"@type\":\"BreadcrumbList\",\"@id\":\"https:\/\/virginiacentrobelleza.es\/index.php\/elementor-1077\/#breadcrumb\",\"itemListElement\":[{\"@type\":\"ListItem\",\"position\":1,\"name\":\"Portada\",\"item\":\"https:\/\/virginiacentrobelleza.es\/\"},{\"@type\":\"ListItem\",\"position\":2,\"name\":\"MASAJE RELAJANTE\"}]},{\"@type\":\"WebSite\",\"@id\":\"https:\/\/virginiacentrobelleza.es\/#website\",\"url\":\"https:\/\/virginiacentrobelleza.es\/\",\"name\":\"virginiacentrobelleza.es\",\"description\":\"S&oacute;lo otro sitio de WordPress\",\"publisher\":{\"@id\":\"https:\/\/virginiacentrobelleza.es\/#\/schema\/person\/b0baa4ae0b365b009216f49cb1cb5936\"},\"alternateName\":\"Centro Virginia\",\"potentialAction\":[{\"@type\":\"SearchAction\",\"target\":{\"@type\":\"EntryPoint\",\"urlTemplate\":\"https:\/\/virginiacentrobelleza.es\/?s={search_term_string}\"},\"query-input\":\"required name=search_term_string\"}],\"inLanguage\":\"es\"},{\"@type\":[\"Person\",\"Organization\"],\"@id\":\"https:\/\/virginiacentrobelleza.es\/#\/schema\/person\/b0baa4ae0b365b009216f49cb1cb5936\",\"name\":\"admin\",\"image\":{\"@type\":\"ImageObject\",\"inLanguage\":\"es\",\"@id\":\"https:\/\/virginiacentrobelleza.es\/#\/schema\/person\/image\/\",\"url\":\"https:\/\/virginiacentrobelleza.es\/wp-content\/uploads\/2022\/10\/cropped-54ced73337d34e33b546690dd4a78215-2.png\",\"contentUrl\":\"https:\/\/virginiacentrobelleza.es\/wp-content\/uploads\/2022\/10\/cropped-54ced73337d34e33b546690dd4a78215-2.png\",\"width\":200,\"height\":113,\"caption\":\"admin\"},\"logo\":{\"@id\":\"https:\/\/virginiacentrobelleza.es\/#\/schema\/person\/image\/\"},\"sameAs\":[\"https:\/\/virginiacentrobelleza.es\"]}]}<\/script>\n<!-- \/ Yoast SEO plugin. -->","yoast_head_json":{"title":"MASAJE RELAJANTE &raquo; centrovirginia.es","robots":{"index":"index","follow":"follow","max-snippet":"max-snippet:-1","max-image-preview":"max-image-preview:large","max-video-preview":"max-video-preview:-1"},"canonical":"https:\/\/virginiacentrobelleza.es\/index.php\/elementor-1077\/","og_locale":"es_ES","og_type":"article","og_title":"MASAJE RELAJANTE &raquo; centrovirginia.es","og_description":"MASAJE RELAJANTE Si necesitas\u00a0reducir tensiones musculares\u00a0y\u00a0aliviar el estr\u00e9s, la\u00a0ansiedad\u00a0y las tensiones del d\u00eda a d\u00eda, \u00e9ste es tu\u00a0masaje.\u00a0 Se trata de una terapia de manipulaci\u00f3n suave para conseguir un estado de relajaci\u00f3n mental y corporal.\u00a0 El objetivo de este masaje es que experimentes una\u00a0sensaci\u00f3n de bienestar, que mejores la circulaci\u00f3n sangu\u00ednea y linf\u00e1tica. Los masajes\u00a0activan [&hellip;]","og_url":"https:\/\/virginiacentrobelleza.es\/index.php\/elementor-1077\/","og_site_name":"centrovirginia.es","article_modified_time":"2022-11-03T21:14:38+00:00","twitter_card":"summary_large_image","twitter_misc":{"Tiempo de lectura":"2 minutos"},"schema":{"@context":"https:\/\/schema.org","@graph":[{"@type":"WebPage","@id":"https:\/\/virginiacentrobelleza.es\/index.php\/elementor-1077\/","url":"https:\/\/virginiacentrobelleza.es\/index.php\/elementor-1077\/","name":"MASAJE RELAJANTE &raquo; centrovirginia.es","isPartOf":{"@id":"https:\/\/virginiacentrobelleza.es\/#website"},"datePublished":"2022-11-03T20:15:50+00:00","dateModified":"2022-11-03T21:14:38+00:00","breadcrumb":{"@id":"https:\/\/virginiacentrobelleza.es\/index.php\/elementor-1077\/#breadcrumb"},"inLanguage":"es","potentialAction":[{"@type":"ReadAction","target":["https:\/\/virginiacentrobelleza.es\/index.php\/elementor-1077\/"]}]},{"@type":"BreadcrumbList","@id":"https:\/\/virginiacentrobelleza.es\/index.php\/elementor-1077\/#breadcrumb","itemListElement":[{"@type":"ListItem","position":1,"name":"Portada","item":"https:\/\/virginiacentrobelleza.es\/"},{"@type":"ListItem","position":2,"name":"MASAJE RELAJANTE"}]},{"@type":"WebSite","@id":"https:\/\/virginiacentrobelleza.es\/#website","url":"https:\/\/virginiacentrobelleza.es\/","name":"virginiacentrobelleza.es","description":"S&oacute;lo otro sitio de WordPress","publisher":{"@id":"https:\/\/virginiacentrobelleza.es\/#\/schema\/person\/b0baa4ae0b365b009216f49cb1cb5936"},"alternateName":"Centro Virginia","potentialAction":[{"@type":"SearchAction","target":{"@type":"EntryPoint","urlTemplate":"https:\/\/virginiacentrobelleza.es\/?s={search_term_string}"},"query-input":"required name=search_term_string"}],"inLanguage":"es"},{"@type":["Person","Organization"],"@id":"https:\/\/virginiacentrobelleza.es\/#\/schema\/person\/b0baa4ae0b365b009216f49cb1cb5936","name":"admin","image":{"@type":"ImageObject","inLanguage":"es","@id":"https:\/\/virginiacentrobelleza.es\/#\/schema\/person\/image\/","url":"https:\/\/virginiacentrobelleza.es\/wp-content\/uploads\/2022\/10\/cropped-54ced73337d34e33b546690dd4a78215-2.png","contentUrl":"https:\/\/virginiacentrobelleza.es\/wp-content\/uploads\/2022\/10\/cropped-54ced73337d34e33b546690dd4a78215-2.png","width":200,"height":113,"caption":"admin"},"logo":{"@id":"https:\/\/virginiacentrobelleza.es\/#\/schema\/person\/image\/"},"sameAs":["https:\/\/virginiacentrobelleza.es"]}]}},"_links":{"self":[{"href":"https:\/\/virginiacentrobelleza.es\/index.php\/wp-json\/wp\/v2\/pages\/1077","targetHints":{"allow":["GET"]}}],"collection":[{"href":"https:\/\/virginiacentrobelleza.es\/index.php\/wp-json\/wp\/v2\/pages"}],"about":[{"href":"https:\/\/virginiacentrobelleza.es\/index.php\/wp-json\/wp\/v2\/types\/page"}],"author":[{"embeddable":true,"href":"https:\/\/virginiacentrobelleza.es\/index.php\/wp-json\/wp\/v2\/users\/1"}],"replies":[{"embeddable":true,"href":"https:\/\/virginiacentrobelleza.es\/index.php\/wp-json\/wp\/v2\/comments?post=1077"}],"version-history":[{"count":20,"href":"https:\/\/virginiacentrobelleza.es\/index.php\/wp-json\/wp\/v2\/pages\/1077\/revisions"}],"predecessor-version":[{"id":1132,"href":"https:\/\/virginiacentrobelleza.es\/index.php\/wp-json\/wp\/v2\/pages\/1077\/revisions\/1132"}],"wp:attachment":[{"href":"https:\/\/virginiacentrobelleza.es\/index.php\/wp-json\/wp\/v2\/media?parent=1077"}],"curies":[{"name":"wp","href":"https:\/\/api.w.org\/{rel}","templated":true}]}}