{"id":1112,"date":"2022-11-03T20:47:10","date_gmt":"2022-11-03T20:47:10","guid":{"rendered":"https:\/\/virginiacentrobelleza.es\/?page_id=1112"},"modified":"2022-11-03T20:51:16","modified_gmt":"2022-11-03T20:51:16","slug":"masaje-multisensorial","status":"publish","type":"page","link":"https:\/\/virginiacentrobelleza.es\/index.php\/masaje-multisensorial\/","title":{"rendered":"MASAJE MULTISENSORIAL"},"content":{"rendered":"\t\t<div data-elementor-type=\"wp-page\" data-elementor-id=\"1112\" class=\"elementor elementor-1112\">\n\t\t\t\t\t\t<section class=\"elementor-section elementor-top-section elementor-element elementor-element-e3e871f elementor-section-boxed elementor-section-height-default elementor-section-height-default\" data-id=\"e3e871f\" data-element_type=\"section\">\n\t\t\t\t\t\t<div class=\"elementor-container elementor-column-gap-default\">\n\t\t\t\t\t<div class=\"elementor-column elementor-col-100 elementor-top-column elementor-element elementor-element-c4a3ffe\" data-id=\"c4a3ffe\" data-element_type=\"column\">\n\t\t\t<div class=\"elementor-widget-wrap elementor-element-populated\">\n\t\t\t\t\t\t<div class=\"elementor-element elementor-element-bb976c5 elementor-widget elementor-widget-spacer\" data-id=\"bb976c5\" data-element_type=\"widget\" data-widget_type=\"spacer.default\">\n\t\t\t\t<div class=\"elementor-widget-container\">\n\t\t\t\t\t\t\t<div class=\"elementor-spacer\">\n\t\t\t<div class=\"elementor-spacer-inner\"><\/div>\n\t\t<\/div>\n\t\t\t\t\t\t<\/div>\n\t\t\t\t<\/div>\n\t\t\t\t<div class=\"elementor-element elementor-element-2e89e6f elementor-invisible elementor-widget elementor-widget-heading\" data-id=\"2e89e6f\" data-element_type=\"widget\" data-settings=\"{&quot;_animation&quot;:&quot;zoomIn&quot;}\" data-widget_type=\"heading.default\">\n\t\t\t\t<div class=\"elementor-widget-container\">\n\t\t\t\t\t<h2 class=\"elementor-heading-title elementor-size-default\">MASAJE MULTISENSORIAL<\/h2>\t\t\t\t<\/div>\n\t\t\t\t<\/div>\n\t\t\t\t\t<\/div>\n\t\t<\/div>\n\t\t\t\t\t<\/div>\n\t\t<\/section>\n\t\t\t\t<section class=\"elementor-section elementor-top-section elementor-element elementor-element-70fbb82 elementor-section-boxed elementor-section-height-default elementor-section-height-default\" data-id=\"70fbb82\" data-element_type=\"section\">\n\t\t\t\t\t\t<div class=\"elementor-container elementor-column-gap-default\">\n\t\t\t\t\t<div class=\"elementor-column elementor-col-100 elementor-top-column elementor-element elementor-element-181ea36\" data-id=\"181ea36\" data-element_type=\"column\">\n\t\t\t<div class=\"elementor-widget-wrap elementor-element-populated\">\n\t\t\t\t\t\t<div class=\"elementor-element elementor-element-84bcb4f elementor-invisible elementor-widget elementor-widget-text-editor\" data-id=\"84bcb4f\" data-element_type=\"widget\" data-settings=\"{&quot;_animation&quot;:&quot;zoomIn&quot;}\" data-widget_type=\"text-editor.default\">\n\t\t\t\t<div class=\"elementor-widget-container\">\n\t\t\t\t\t\t\t\t\t<p><strong>MASAJE MULTISENSORIAL<\/strong><\/p><p><strong>El masaje multisensorial que ofrecer\u00e1 un tipo de estimulaci\u00f3n que va dirigida a los sentidos, trabajando la sensaci\u00f3n, la percepci\u00f3n y lo sensorial.\u00a0<\/strong><\/p><p><strong>Sentir\u00e1 en conjunto de sensaciones que producir\u00e1n un conjunto de sensaciones producido por la aromaterapia, musicoterapia y los movimientos sedantes producidos por el masaje.<\/strong><\/p><p><strong>Los masajes son considerados m\u00e1s \u201cf\u00edsicos\u201d, ya que se emplean principalmente o en su totalidad, las manos y la fuerza. Tambi\u00e9n, son fant\u00e1sticos tratamientos para la estimulaci\u00f3n de sentidos y mitigar el dolor. Pero, adem\u00e1s,\u00a0tambi\u00e9n\u00a0provocan sensaciones extremadamente agradables\u00a0que proporcionan otro tipo de ventajas.<\/strong><\/p><p><strong>Adem\u00e1s, este tipo de masaje\u00a0relajante se suelen acompa\u00f1ar con recursos externos que aumentan la sensaci\u00f3n de bienestar, calma y relax.\u00a0<\/strong><\/p><p><strong>Este masaje relajante se lleva a cabo en un escenario con decoraci\u00f3n simple, donde se aprecie m\u00fasica relajante, una luz tenue, velas o aromas con el fin de transmitir paz y tranquilidad.<\/strong><\/p><p><strong>BENEFICIOS:<\/strong><\/p><ul><li><h5><strong>Relaja el cuerpo y la mente, promoviendo la respiraci\u00f3n profunda y eliminando el sentimiento de ansiedad.<\/strong><\/h5><\/li><li><h5><strong>Reduce y elimina dolores musculares, como nudos, tirones o contracturas.<\/strong><\/h5><\/li><li><h5><strong>Fortalece la circulaci\u00f3n sangu\u00ednea, aumentando as\u00ed el aporte de ox\u00edgeno en los \u00f3rganos y tejidos.<\/strong><\/h5><\/li><li><h5><strong>Mejora el sistema nervioso.<\/strong><\/h5><\/li><li><h5><strong>Crea un sentimiento de bienestar.<\/strong><\/h5><\/li><li><h5><strong>Ayuda a la eliminaci\u00f3n de toxinas y c\u00e9lulas muertas, gracias a una mayor cantidad de flujo del l\u00edquido linf\u00e1tico, que logra una piel m\u00e1s sana, suave y bonita.<\/strong><\/h5><\/li><li><h5><strong>Recobra energ\u00eda y cansancio acumulado(promovido por estr\u00e9s, ejercicio o esfuerzo f\u00edsico<\/strong><\/h5><h5><strong>).<\/strong><\/h5><\/li><\/ul>\t\t\t\t\t\t\t\t<\/div>\n\t\t\t\t<\/div>\n\t\t\t\t\t<\/div>\n\t\t<\/div>\n\t\t\t\t\t<\/div>\n\t\t<\/section>\n\t\t\t\t<\/div>\n\t\t","protected":false},"excerpt":{"rendered":"<p>MASAJE MULTISENSORIAL MASAJE MULTISENSORIAL El masaje multisensorial que ofrecer\u00e1 un tipo de estimulaci\u00f3n que va dirigida a los sentidos, trabajando la sensaci\u00f3n, la percepci\u00f3n y lo sensorial.\u00a0 Sentir\u00e1 en conjunto de sensaciones que producir\u00e1n un conjunto de sensaciones producido por la aromaterapia, musicoterapia y los movimientos sedantes producidos por el masaje. Los masajes son considerados [&hellip;]<\/p>\n","protected":false},"author":1,"featured_media":0,"parent":0,"menu_order":0,"comment_status":"closed","ping_status":"closed","template":"","meta":{"site-sidebar-layout":"no-sidebar","site-content-layout":"page-builder","ast-site-content-layout":"","site-content-style":"default","site-sidebar-style":"default","ast-global-header-display":"","ast-banner-title-visibility":"","ast-main-header-display":"","ast-hfb-above-header-display":"","ast-hfb-below-header-display":"","ast-hfb-mobile-header-display":"","site-post-title":"disabled","ast-breadcrumbs-content":"","ast-featured-img":"disabled","footer-sml-layout":"","theme-transparent-header-meta":"","adv-header-id-meta":"","stick-header-meta":"","header-above-stick-meta":"","header-main-stick-meta":"","header-below-stick-meta":"","astra-migrate-meta-layouts":"default","ast-page-background-enabled":"default","ast-page-background-meta":{"desktop":{"background-color":"var(--ast-global-color-4)","background-image":"","background-repeat":"repeat","background-position":"center center","background-size":"auto","background-attachment":"scroll","background-type":"","background-media":"","overlay-type":"","overlay-color":"","overlay-opacity":"","overlay-gradient":""},"tablet":{"background-color":"","background-image":"","background-repeat":"repeat","background-position":"center center","background-size":"auto","background-attachment":"scroll","background-type":"","background-media":"","overlay-type":"","overlay-color":"","overlay-opacity":"","overlay-gradient":""},"mobile":{"background-color":"","background-image":"","background-repeat":"repeat","background-position":"center center","background-size":"auto","background-attachment":"scroll","background-type":"","background-media":"","overlay-type":"","overlay-color":"","overlay-opacity":"","overlay-gradient":""}},"ast-content-background-meta":{"desktop":{"background-color":"var(--ast-global-color-5)","background-image":"","background-repeat":"repeat","background-position":"center center","background-size":"auto","background-attachment":"scroll","background-type":"","background-media":"","overlay-type":"","overlay-color":"","overlay-opacity":"","overlay-gradient":""},"tablet":{"background-color":"var(--ast-global-color-5)","background-image":"","background-repeat":"repeat","background-position":"center center","background-size":"auto","background-attachment":"scroll","background-type":"","background-media":"","overlay-type":"","overlay-color":"","overlay-opacity":"","overlay-gradient":""},"mobile":{"background-color":"var(--ast-global-color-5)","background-image":"","background-repeat":"repeat","background-position":"center center","background-size":"auto","background-attachment":"scroll","background-type":"","background-media":"","overlay-type":"","overlay-color":"","overlay-opacity":"","overlay-gradient":""}},"footnotes":""},"class_list":["post-1112","page","type-page","status-publish","hentry"],"yoast_head":"<!-- This site is optimized with the Yoast SEO plugin v21.0 - https:\/\/yoast.com\/wordpress\/plugins\/seo\/ -->\n<title>MASAJE MULTISENSORIAL &raquo; centrovirginia.es<\/title>\n<meta name=\"robots\" content=\"index, follow, max-snippet:-1, max-image-preview:large, max-video-preview:-1\" \/>\n<link rel=\"canonical\" href=\"https:\/\/virginiacentrobelleza.es\/index.php\/masaje-multisensorial\/\" \/>\n<meta property=\"og:locale\" content=\"es_ES\" \/>\n<meta property=\"og:type\" content=\"article\" \/>\n<meta property=\"og:title\" content=\"MASAJE MULTISENSORIAL &raquo; centrovirginia.es\" \/>\n<meta property=\"og:description\" content=\"MASAJE MULTISENSORIAL MASAJE MULTISENSORIAL El masaje multisensorial que ofrecer\u00e1 un tipo de estimulaci\u00f3n que va dirigida a los sentidos, trabajando la sensaci\u00f3n, la percepci\u00f3n y lo sensorial.\u00a0 Sentir\u00e1 en conjunto de sensaciones que producir\u00e1n un conjunto de sensaciones producido por la aromaterapia, musicoterapia y los movimientos sedantes producidos por el masaje. Los masajes son considerados [&hellip;]\" \/>\n<meta property=\"og:url\" content=\"https:\/\/virginiacentrobelleza.es\/index.php\/masaje-multisensorial\/\" \/>\n<meta property=\"og:site_name\" content=\"centrovirginia.es\" \/>\n<meta property=\"article:modified_time\" content=\"2022-11-03T20:51:16+00:00\" \/>\n<meta name=\"twitter:card\" content=\"summary_large_image\" \/>\n<meta name=\"twitter:label1\" content=\"Tiempo de lectura\" \/>\n\t<meta name=\"twitter:data1\" content=\"1 minuto\" \/>\n<script type=\"application\/ld+json\" class=\"yoast-schema-graph\">{\"@context\":\"https:\/\/schema.org\",\"@graph\":[{\"@type\":\"WebPage\",\"@id\":\"https:\/\/virginiacentrobelleza.es\/index.php\/masaje-multisensorial\/\",\"url\":\"https:\/\/virginiacentrobelleza.es\/index.php\/masaje-multisensorial\/\",\"name\":\"MASAJE MULTISENSORIAL &raquo; centrovirginia.es\",\"isPartOf\":{\"@id\":\"https:\/\/virginiacentrobelleza.es\/#website\"},\"datePublished\":\"2022-11-03T20:47:10+00:00\",\"dateModified\":\"2022-11-03T20:51:16+00:00\",\"breadcrumb\":{\"@id\":\"https:\/\/virginiacentrobelleza.es\/index.php\/masaje-multisensorial\/#breadcrumb\"},\"inLanguage\":\"es\",\"potentialAction\":[{\"@type\":\"ReadAction\",\"target\":[\"https:\/\/virginiacentrobelleza.es\/index.php\/masaje-multisensorial\/\"]}]},{\"@type\":\"BreadcrumbList\",\"@id\":\"https:\/\/virginiacentrobelleza.es\/index.php\/masaje-multisensorial\/#breadcrumb\",\"itemListElement\":[{\"@type\":\"ListItem\",\"position\":1,\"name\":\"Portada\",\"item\":\"https:\/\/virginiacentrobelleza.es\/\"},{\"@type\":\"ListItem\",\"position\":2,\"name\":\"MASAJE MULTISENSORIAL\"}]},{\"@type\":\"WebSite\",\"@id\":\"https:\/\/virginiacentrobelleza.es\/#website\",\"url\":\"https:\/\/virginiacentrobelleza.es\/\",\"name\":\"virginiacentrobelleza.es\",\"description\":\"S&oacute;lo otro sitio de WordPress\",\"publisher\":{\"@id\":\"https:\/\/virginiacentrobelleza.es\/#\/schema\/person\/b0baa4ae0b365b009216f49cb1cb5936\"},\"alternateName\":\"Centro Virginia\",\"potentialAction\":[{\"@type\":\"SearchAction\",\"target\":{\"@type\":\"EntryPoint\",\"urlTemplate\":\"https:\/\/virginiacentrobelleza.es\/?s={search_term_string}\"},\"query-input\":\"required name=search_term_string\"}],\"inLanguage\":\"es\"},{\"@type\":[\"Person\",\"Organization\"],\"@id\":\"https:\/\/virginiacentrobelleza.es\/#\/schema\/person\/b0baa4ae0b365b009216f49cb1cb5936\",\"name\":\"admin\",\"image\":{\"@type\":\"ImageObject\",\"inLanguage\":\"es\",\"@id\":\"https:\/\/virginiacentrobelleza.es\/#\/schema\/person\/image\/\",\"url\":\"https:\/\/virginiacentrobelleza.es\/wp-content\/uploads\/2022\/10\/cropped-54ced73337d34e33b546690dd4a78215-2.png\",\"contentUrl\":\"https:\/\/virginiacentrobelleza.es\/wp-content\/uploads\/2022\/10\/cropped-54ced73337d34e33b546690dd4a78215-2.png\",\"width\":200,\"height\":113,\"caption\":\"admin\"},\"logo\":{\"@id\":\"https:\/\/virginiacentrobelleza.es\/#\/schema\/person\/image\/\"},\"sameAs\":[\"https:\/\/virginiacentrobelleza.es\"]}]}<\/script>\n<!-- \/ Yoast SEO plugin. -->","yoast_head_json":{"title":"MASAJE MULTISENSORIAL &raquo; centrovirginia.es","robots":{"index":"index","follow":"follow","max-snippet":"max-snippet:-1","max-image-preview":"max-image-preview:large","max-video-preview":"max-video-preview:-1"},"canonical":"https:\/\/virginiacentrobelleza.es\/index.php\/masaje-multisensorial\/","og_locale":"es_ES","og_type":"article","og_title":"MASAJE MULTISENSORIAL &raquo; centrovirginia.es","og_description":"MASAJE MULTISENSORIAL MASAJE MULTISENSORIAL El masaje multisensorial que ofrecer\u00e1 un tipo de estimulaci\u00f3n que va dirigida a los sentidos, trabajando la sensaci\u00f3n, la percepci\u00f3n y lo sensorial.\u00a0 Sentir\u00e1 en conjunto de sensaciones que producir\u00e1n un conjunto de sensaciones producido por la aromaterapia, musicoterapia y los movimientos sedantes producidos por el masaje. Los masajes son considerados [&hellip;]","og_url":"https:\/\/virginiacentrobelleza.es\/index.php\/masaje-multisensorial\/","og_site_name":"centrovirginia.es","article_modified_time":"2022-11-03T20:51:16+00:00","twitter_card":"summary_large_image","twitter_misc":{"Tiempo de lectura":"1 minuto"},"schema":{"@context":"https:\/\/schema.org","@graph":[{"@type":"WebPage","@id":"https:\/\/virginiacentrobelleza.es\/index.php\/masaje-multisensorial\/","url":"https:\/\/virginiacentrobelleza.es\/index.php\/masaje-multisensorial\/","name":"MASAJE MULTISENSORIAL &raquo; centrovirginia.es","isPartOf":{"@id":"https:\/\/virginiacentrobelleza.es\/#website"},"datePublished":"2022-11-03T20:47:10+00:00","dateModified":"2022-11-03T20:51:16+00:00","breadcrumb":{"@id":"https:\/\/virginiacentrobelleza.es\/index.php\/masaje-multisensorial\/#breadcrumb"},"inLanguage":"es","potentialAction":[{"@type":"ReadAction","target":["https:\/\/virginiacentrobelleza.es\/index.php\/masaje-multisensorial\/"]}]},{"@type":"BreadcrumbList","@id":"https:\/\/virginiacentrobelleza.es\/index.php\/masaje-multisensorial\/#breadcrumb","itemListElement":[{"@type":"ListItem","position":1,"name":"Portada","item":"https:\/\/virginiacentrobelleza.es\/"},{"@type":"ListItem","position":2,"name":"MASAJE MULTISENSORIAL"}]},{"@type":"WebSite","@id":"https:\/\/virginiacentrobelleza.es\/#website","url":"https:\/\/virginiacentrobelleza.es\/","name":"virginiacentrobelleza.es","description":"S&oacute;lo otro sitio de WordPress","publisher":{"@id":"https:\/\/virginiacentrobelleza.es\/#\/schema\/person\/b0baa4ae0b365b009216f49cb1cb5936"},"alternateName":"Centro Virginia","potentialAction":[{"@type":"SearchAction","target":{"@type":"EntryPoint","urlTemplate":"https:\/\/virginiacentrobelleza.es\/?s={search_term_string}"},"query-input":"required name=search_term_string"}],"inLanguage":"es"},{"@type":["Person","Organization"],"@id":"https:\/\/virginiacentrobelleza.es\/#\/schema\/person\/b0baa4ae0b365b009216f49cb1cb5936","name":"admin","image":{"@type":"ImageObject","inLanguage":"es","@id":"https:\/\/virginiacentrobelleza.es\/#\/schema\/person\/image\/","url":"https:\/\/virginiacentrobelleza.es\/wp-content\/uploads\/2022\/10\/cropped-54ced73337d34e33b546690dd4a78215-2.png","contentUrl":"https:\/\/virginiacentrobelleza.es\/wp-content\/uploads\/2022\/10\/cropped-54ced73337d34e33b546690dd4a78215-2.png","width":200,"height":113,"caption":"admin"},"logo":{"@id":"https:\/\/virginiacentrobelleza.es\/#\/schema\/person\/image\/"},"sameAs":["https:\/\/virginiacentrobelleza.es"]}]}},"_links":{"self":[{"href":"https:\/\/virginiacentrobelleza.es\/index.php\/wp-json\/wp\/v2\/pages\/1112","targetHints":{"allow":["GET"]}}],"collection":[{"href":"https:\/\/virginiacentrobelleza.es\/index.php\/wp-json\/wp\/v2\/pages"}],"about":[{"href":"https:\/\/virginiacentrobelleza.es\/index.php\/wp-json\/wp\/v2\/types\/page"}],"author":[{"embeddable":true,"href":"https:\/\/virginiacentrobelleza.es\/index.php\/wp-json\/wp\/v2\/users\/1"}],"replies":[{"embeddable":true,"href":"https:\/\/virginiacentrobelleza.es\/index.php\/wp-json\/wp\/v2\/comments?post=1112"}],"version-history":[{"count":7,"href":"https:\/\/virginiacentrobelleza.es\/index.php\/wp-json\/wp\/v2\/pages\/1112\/revisions"}],"predecessor-version":[{"id":1119,"href":"https:\/\/virginiacentrobelleza.es\/index.php\/wp-json\/wp\/v2\/pages\/1112\/revisions\/1119"}],"wp:attachment":[{"href":"https:\/\/virginiacentrobelleza.es\/index.php\/wp-json\/wp\/v2\/media?parent=1112"}],"curies":[{"name":"wp","href":"https:\/\/api.w.org\/{rel}","templated":true}]}}