{"id":1204,"date":"2022-11-13T18:41:44","date_gmt":"2022-11-13T18:41:44","guid":{"rendered":"https:\/\/virginiacentrobelleza.es\/?page_id=1204"},"modified":"2022-11-13T18:48:31","modified_gmt":"2022-11-13T18:48:31","slug":"limpiesa-cutis","status":"publish","type":"page","link":"https:\/\/virginiacentrobelleza.es\/index.php\/limpiesa-cutis\/","title":{"rendered":"LIMPIESA CUTIS"},"content":{"rendered":"\t\t<div data-elementor-type=\"wp-page\" data-elementor-id=\"1204\" class=\"elementor elementor-1204\">\n\t\t\t\t\t\t<section class=\"elementor-section elementor-top-section elementor-element elementor-element-bd158bf elementor-section-boxed elementor-section-height-default elementor-section-height-default\" data-id=\"bd158bf\" data-element_type=\"section\">\n\t\t\t\t\t\t<div class=\"elementor-container elementor-column-gap-default\">\n\t\t\t\t\t<div class=\"elementor-column elementor-col-100 elementor-top-column elementor-element elementor-element-f6281a5\" data-id=\"f6281a5\" data-element_type=\"column\">\n\t\t\t<div class=\"elementor-widget-wrap elementor-element-populated\">\n\t\t\t\t\t\t<div class=\"elementor-element elementor-element-0f63587 elementor-widget elementor-widget-spacer\" data-id=\"0f63587\" data-element_type=\"widget\" data-widget_type=\"spacer.default\">\n\t\t\t\t<div class=\"elementor-widget-container\">\n\t\t\t\t\t\t\t<div class=\"elementor-spacer\">\n\t\t\t<div class=\"elementor-spacer-inner\"><\/div>\n\t\t<\/div>\n\t\t\t\t\t\t<\/div>\n\t\t\t\t<\/div>\n\t\t\t\t<div class=\"elementor-element elementor-element-96ffbc3 elementor-invisible elementor-widget elementor-widget-heading\" data-id=\"96ffbc3\" data-element_type=\"widget\" data-settings=\"{&quot;_animation&quot;:&quot;zoomIn&quot;}\" data-widget_type=\"heading.default\">\n\t\t\t\t<div class=\"elementor-widget-container\">\n\t\t\t\t\t<h2 class=\"elementor-heading-title elementor-size-default\">LIMPIESA CUTIS<\/h2>\t\t\t\t<\/div>\n\t\t\t\t<\/div>\n\t\t\t\t\t<\/div>\n\t\t<\/div>\n\t\t\t\t\t<\/div>\n\t\t<\/section>\n\t\t\t\t<section class=\"elementor-section elementor-top-section elementor-element elementor-element-a1f2c6d elementor-section-boxed elementor-section-height-default elementor-section-height-default\" data-id=\"a1f2c6d\" data-element_type=\"section\">\n\t\t\t\t\t\t<div class=\"elementor-container elementor-column-gap-default\">\n\t\t\t\t\t<div class=\"elementor-column elementor-col-100 elementor-top-column elementor-element elementor-element-e083110\" data-id=\"e083110\" data-element_type=\"column\">\n\t\t\t<div class=\"elementor-widget-wrap elementor-element-populated\">\n\t\t\t\t\t\t<div class=\"elementor-element elementor-element-72d6733 elementor-invisible elementor-widget elementor-widget-text-editor\" data-id=\"72d6733\" data-element_type=\"widget\" data-settings=\"{&quot;_animation&quot;:&quot;fadeInLeft&quot;}\" data-widget_type=\"text-editor.default\">\n\t\t\t\t<div class=\"elementor-widget-container\">\n\t\t\t\t\t\t\t\t\t<p>La piel del rostro se encuentra en constante contacto con infinidad de factores que\u00a0contribuyen a que se ensucie y se deteriore.\u00a0Pero tambi\u00e9n aparecen los primeros s\u00edntomas del envejecimiento. Por la piel de la cara transitan agentes contaminantes del ambiente, pero tambi\u00e9n el\u00a0humo del tabaco.\u00a0Adem\u00e1s del\u00a0maquillaje y el sebo,\u00a0grasa que brota por los poros y contribuye a la suciedad facial. Para reducir los efectos que estos factores pueden tener es indispensable someterse a una\u00a0limpieza de cutis profesional\u00a0de vez en cuando.\u00a0<\/p><p>La\u00a0limpieza de cutis profesional\u00a0no solo se encarga de\u00a0mantener la higiene facial, sino que tambi\u00e9n evita el progreso de los dep\u00f3sitos de melanina,\u00a0causante de los molestos puntos negros. Por otra parte, con este proceso se puede preservar la luminosidad del rostro y lucir una piel suave, tersa,\u00a0resplandeciente\u00a0por supuesto, a prevenir los primeros s\u00edntomas del envejecimiento.\u00a0<\/p><p>\u00a0<\/p><p>Este\u00a0servicio tiene un tiempo de duraci\u00f3n de una\u00a0hora\u00a0y se recomienda realizarlo\u00a01 vez al mes,\u00a0dependiendo de tu tipo de piel y estilo de vida. O, al menos, una vez cada cambio de estaci\u00f3n; es decir,\u00a04 veces al a\u00f1<strong>o.\u00a0 \u00a0 \u00a0 \u00a0 \u00a0 \u00a0 <\/strong><img fetchpriority=\"high\" decoding=\"async\" class=\"alignnone size-medium wp-image-1207\" src=\"https:\/\/virginiacentrobelleza.es\/wp-content\/uploads\/2022\/11\/PHOTO-2022-11-08-13-30-43-1-300x224.jpg\" alt=\"\" width=\"300\" height=\"224\" srcset=\"https:\/\/virginiacentrobelleza.es\/wp-content\/uploads\/2022\/11\/PHOTO-2022-11-08-13-30-43-1-300x225.jpg 300w, https:\/\/virginiacentrobelleza.es\/wp-content\/uploads\/2022\/11\/PHOTO-2022-11-08-13-30-43-1.jpg 302w\" sizes=\"(max-width: 300px) 100vw, 300px\" \/><\/p><h3 style=\"text-align: center;\">Limpia y descongestiona<\/h3><p>Con el tiempo, el sudor y los restos de maquillaje se van acumulando en la piel, taponando los poros e impidiendo que oxigene. Esto puede dar lugar a la aparici\u00f3n de puntos negros y puede hacer tambi\u00e9n que nuestra piel luzca m\u00e1s opaca. Con la limpieza facial profesional conseguiremos eliminar cualquier rastro de suciedad y mantener el rostro en perfectas condiciones<\/p><h3 style=\"text-align: center;\"><strong>\u00a0Equilibra<\/strong><\/h3><p>Todos pasamos por \u00e9pocas en las que la piel est\u00e1 m\u00e1s grasa o m\u00e1s seca de lo habitual. Puede deberse a muchos factores como cambios de clima, alimentaci\u00f3n, estr\u00e9s. La limpieza profesional nos ayudar\u00e1 a equilibrar los niveles de grasa e hidrataci\u00f3n.<\/p><h4 style=\"text-align: center;\"><strong style=\"font-size: 1.5em;\">Oxigena<\/strong><\/h4><p style=\"text-align: center;\">Adem\u00e1s de eliminar las toxinas, tu piel volver\u00e1 a respirar correctamente y eso se notar\u00e1 por fuera. De lo contrario, las bacterias y la grasa se acumular\u00e1n en el rostro, facilitando la formaci\u00f3n de espinillas, granos, quistes. Como consecuencia, conseguiremos eliminar las c\u00e9lulas muertas, regular la aparici\u00f3n de acn\u00e9, retardaremos tambi\u00e9n la aparici\u00f3n de arrugas y la piel se ver\u00e1 m\u00e1s suave y tersa.<\/p><p>\u00a0<\/p>\t\t\t\t\t\t\t\t<\/div>\n\t\t\t\t<\/div>\n\t\t\t\t\t<\/div>\n\t\t<\/div>\n\t\t\t\t\t<\/div>\n\t\t<\/section>\n\t\t\t\t<\/div>\n\t\t","protected":false},"excerpt":{"rendered":"<p>LIMPIESA CUTIS La piel del rostro se encuentra en constante contacto con infinidad de factores que\u00a0contribuyen a que se ensucie y se deteriore.\u00a0Pero tambi\u00e9n aparecen los primeros s\u00edntomas del envejecimiento. Por la piel de la cara transitan agentes contaminantes del ambiente, pero tambi\u00e9n el\u00a0humo del tabaco.\u00a0Adem\u00e1s del\u00a0maquillaje y el sebo,\u00a0grasa que brota por los poros [&hellip;]<\/p>\n","protected":false},"author":1,"featured_media":0,"parent":0,"menu_order":0,"comment_status":"closed","ping_status":"closed","template":"","meta":{"site-sidebar-layout":"no-sidebar","site-content-layout":"page-builder","ast-site-content-layout":"","site-content-style":"default","site-sidebar-style":"default","ast-global-header-display":"","ast-banner-title-visibility":"","ast-main-header-display":"","ast-hfb-above-header-display":"","ast-hfb-below-header-display":"","ast-hfb-mobile-header-display":"","site-post-title":"disabled","ast-breadcrumbs-content":"","ast-featured-img":"disabled","footer-sml-layout":"","theme-transparent-header-meta":"","adv-header-id-meta":"","stick-header-meta":"","header-above-stick-meta":"","header-main-stick-meta":"","header-below-stick-meta":"","astra-migrate-meta-layouts":"default","ast-page-background-enabled":"default","ast-page-background-meta":{"desktop":{"background-color":"var(--ast-global-color-4)","background-image":"","background-repeat":"repeat","background-position":"center center","background-size":"auto","background-attachment":"scroll","background-type":"","background-media":"","overlay-type":"","overlay-color":"","overlay-opacity":"","overlay-gradient":""},"tablet":{"background-color":"","background-image":"","background-repeat":"repeat","background-position":"center center","background-size":"auto","background-attachment":"scroll","background-type":"","background-media":"","overlay-type":"","overlay-color":"","overlay-opacity":"","overlay-gradient":""},"mobile":{"background-color":"","background-image":"","background-repeat":"repeat","background-position":"center center","background-size":"auto","background-attachment":"scroll","background-type":"","background-media":"","overlay-type":"","overlay-color":"","overlay-opacity":"","overlay-gradient":""}},"ast-content-background-meta":{"desktop":{"background-color":"var(--ast-global-color-5)","background-image":"","background-repeat":"repeat","background-position":"center center","background-size":"auto","background-attachment":"scroll","background-type":"","background-media":"","overlay-type":"","overlay-color":"","overlay-opacity":"","overlay-gradient":""},"tablet":{"background-color":"var(--ast-global-color-5)","background-image":"","background-repeat":"repeat","background-position":"center center","background-size":"auto","background-attachment":"scroll","background-type":"","background-media":"","overlay-type":"","overlay-color":"","overlay-opacity":"","overlay-gradient":""},"mobile":{"background-color":"var(--ast-global-color-5)","background-image":"","background-repeat":"repeat","background-position":"center center","background-size":"auto","background-attachment":"scroll","background-type":"","background-media":"","overlay-type":"","overlay-color":"","overlay-opacity":"","overlay-gradient":""}},"footnotes":""},"class_list":["post-1204","page","type-page","status-publish","hentry"],"yoast_head":"<!-- This site is optimized with the Yoast SEO plugin v21.0 - https:\/\/yoast.com\/wordpress\/plugins\/seo\/ -->\n<title>LIMPIESA CUTIS &raquo; centrovirginia.es<\/title>\n<meta name=\"robots\" content=\"index, follow, max-snippet:-1, max-image-preview:large, max-video-preview:-1\" \/>\n<link rel=\"canonical\" href=\"https:\/\/virginiacentrobelleza.es\/index.php\/limpiesa-cutis\/\" \/>\n<meta property=\"og:locale\" content=\"es_ES\" \/>\n<meta property=\"og:type\" content=\"article\" \/>\n<meta property=\"og:title\" content=\"LIMPIESA CUTIS &raquo; centrovirginia.es\" \/>\n<meta property=\"og:description\" content=\"LIMPIESA CUTIS La piel del rostro se encuentra en constante contacto con infinidad de factores que\u00a0contribuyen a que se ensucie y se deteriore.\u00a0Pero tambi\u00e9n aparecen los primeros s\u00edntomas del envejecimiento. Por la piel de la cara transitan agentes contaminantes del ambiente, pero tambi\u00e9n el\u00a0humo del tabaco.\u00a0Adem\u00e1s del\u00a0maquillaje y el sebo,\u00a0grasa que brota por los poros [&hellip;]\" \/>\n<meta property=\"og:url\" content=\"https:\/\/virginiacentrobelleza.es\/index.php\/limpiesa-cutis\/\" \/>\n<meta property=\"og:site_name\" content=\"centrovirginia.es\" \/>\n<meta property=\"article:modified_time\" content=\"2022-11-13T18:48:31+00:00\" \/>\n<meta property=\"og:image\" content=\"https:\/\/virginiacentrobelleza.es\/wp-content\/uploads\/2022\/11\/PHOTO-2022-11-08-13-30-43-1-300x224.jpg\" \/>\n<meta name=\"twitter:card\" content=\"summary_large_image\" \/>\n<meta name=\"twitter:label1\" content=\"Tiempo de lectura\" \/>\n\t<meta name=\"twitter:data1\" content=\"2 minutos\" \/>\n<script type=\"application\/ld+json\" class=\"yoast-schema-graph\">{\"@context\":\"https:\/\/schema.org\",\"@graph\":[{\"@type\":\"WebPage\",\"@id\":\"https:\/\/virginiacentrobelleza.es\/index.php\/limpiesa-cutis\/\",\"url\":\"https:\/\/virginiacentrobelleza.es\/index.php\/limpiesa-cutis\/\",\"name\":\"LIMPIESA CUTIS &raquo; centrovirginia.es\",\"isPartOf\":{\"@id\":\"https:\/\/virginiacentrobelleza.es\/#website\"},\"datePublished\":\"2022-11-13T18:41:44+00:00\",\"dateModified\":\"2022-11-13T18:48:31+00:00\",\"breadcrumb\":{\"@id\":\"https:\/\/virginiacentrobelleza.es\/index.php\/limpiesa-cutis\/#breadcrumb\"},\"inLanguage\":\"es\",\"potentialAction\":[{\"@type\":\"ReadAction\",\"target\":[\"https:\/\/virginiacentrobelleza.es\/index.php\/limpiesa-cutis\/\"]}]},{\"@type\":\"BreadcrumbList\",\"@id\":\"https:\/\/virginiacentrobelleza.es\/index.php\/limpiesa-cutis\/#breadcrumb\",\"itemListElement\":[{\"@type\":\"ListItem\",\"position\":1,\"name\":\"Portada\",\"item\":\"https:\/\/virginiacentrobelleza.es\/\"},{\"@type\":\"ListItem\",\"position\":2,\"name\":\"LIMPIESA CUTIS\"}]},{\"@type\":\"WebSite\",\"@id\":\"https:\/\/virginiacentrobelleza.es\/#website\",\"url\":\"https:\/\/virginiacentrobelleza.es\/\",\"name\":\"virginiacentrobelleza.es\",\"description\":\"S&oacute;lo otro sitio de WordPress\",\"publisher\":{\"@id\":\"https:\/\/virginiacentrobelleza.es\/#\/schema\/person\/b0baa4ae0b365b009216f49cb1cb5936\"},\"alternateName\":\"Centro Virginia\",\"potentialAction\":[{\"@type\":\"SearchAction\",\"target\":{\"@type\":\"EntryPoint\",\"urlTemplate\":\"https:\/\/virginiacentrobelleza.es\/?s={search_term_string}\"},\"query-input\":\"required name=search_term_string\"}],\"inLanguage\":\"es\"},{\"@type\":[\"Person\",\"Organization\"],\"@id\":\"https:\/\/virginiacentrobelleza.es\/#\/schema\/person\/b0baa4ae0b365b009216f49cb1cb5936\",\"name\":\"admin\",\"image\":{\"@type\":\"ImageObject\",\"inLanguage\":\"es\",\"@id\":\"https:\/\/virginiacentrobelleza.es\/#\/schema\/person\/image\/\",\"url\":\"https:\/\/virginiacentrobelleza.es\/wp-content\/uploads\/2022\/10\/cropped-54ced73337d34e33b546690dd4a78215-2.png\",\"contentUrl\":\"https:\/\/virginiacentrobelleza.es\/wp-content\/uploads\/2022\/10\/cropped-54ced73337d34e33b546690dd4a78215-2.png\",\"width\":200,\"height\":113,\"caption\":\"admin\"},\"logo\":{\"@id\":\"https:\/\/virginiacentrobelleza.es\/#\/schema\/person\/image\/\"},\"sameAs\":[\"https:\/\/virginiacentrobelleza.es\"]}]}<\/script>\n<!-- \/ Yoast SEO plugin. -->","yoast_head_json":{"title":"LIMPIESA CUTIS &raquo; centrovirginia.es","robots":{"index":"index","follow":"follow","max-snippet":"max-snippet:-1","max-image-preview":"max-image-preview:large","max-video-preview":"max-video-preview:-1"},"canonical":"https:\/\/virginiacentrobelleza.es\/index.php\/limpiesa-cutis\/","og_locale":"es_ES","og_type":"article","og_title":"LIMPIESA CUTIS &raquo; centrovirginia.es","og_description":"LIMPIESA CUTIS La piel del rostro se encuentra en constante contacto con infinidad de factores que\u00a0contribuyen a que se ensucie y se deteriore.\u00a0Pero tambi\u00e9n aparecen los primeros s\u00edntomas del envejecimiento. Por la piel de la cara transitan agentes contaminantes del ambiente, pero tambi\u00e9n el\u00a0humo del tabaco.\u00a0Adem\u00e1s del\u00a0maquillaje y el sebo,\u00a0grasa que brota por los poros [&hellip;]","og_url":"https:\/\/virginiacentrobelleza.es\/index.php\/limpiesa-cutis\/","og_site_name":"centrovirginia.es","article_modified_time":"2022-11-13T18:48:31+00:00","og_image":[{"url":"https:\/\/virginiacentrobelleza.es\/wp-content\/uploads\/2022\/11\/PHOTO-2022-11-08-13-30-43-1-300x224.jpg"}],"twitter_card":"summary_large_image","twitter_misc":{"Tiempo de lectura":"2 minutos"},"schema":{"@context":"https:\/\/schema.org","@graph":[{"@type":"WebPage","@id":"https:\/\/virginiacentrobelleza.es\/index.php\/limpiesa-cutis\/","url":"https:\/\/virginiacentrobelleza.es\/index.php\/limpiesa-cutis\/","name":"LIMPIESA CUTIS &raquo; centrovirginia.es","isPartOf":{"@id":"https:\/\/virginiacentrobelleza.es\/#website"},"datePublished":"2022-11-13T18:41:44+00:00","dateModified":"2022-11-13T18:48:31+00:00","breadcrumb":{"@id":"https:\/\/virginiacentrobelleza.es\/index.php\/limpiesa-cutis\/#breadcrumb"},"inLanguage":"es","potentialAction":[{"@type":"ReadAction","target":["https:\/\/virginiacentrobelleza.es\/index.php\/limpiesa-cutis\/"]}]},{"@type":"BreadcrumbList","@id":"https:\/\/virginiacentrobelleza.es\/index.php\/limpiesa-cutis\/#breadcrumb","itemListElement":[{"@type":"ListItem","position":1,"name":"Portada","item":"https:\/\/virginiacentrobelleza.es\/"},{"@type":"ListItem","position":2,"name":"LIMPIESA CUTIS"}]},{"@type":"WebSite","@id":"https:\/\/virginiacentrobelleza.es\/#website","url":"https:\/\/virginiacentrobelleza.es\/","name":"virginiacentrobelleza.es","description":"S&oacute;lo otro sitio de WordPress","publisher":{"@id":"https:\/\/virginiacentrobelleza.es\/#\/schema\/person\/b0baa4ae0b365b009216f49cb1cb5936"},"alternateName":"Centro Virginia","potentialAction":[{"@type":"SearchAction","target":{"@type":"EntryPoint","urlTemplate":"https:\/\/virginiacentrobelleza.es\/?s={search_term_string}"},"query-input":"required name=search_term_string"}],"inLanguage":"es"},{"@type":["Person","Organization"],"@id":"https:\/\/virginiacentrobelleza.es\/#\/schema\/person\/b0baa4ae0b365b009216f49cb1cb5936","name":"admin","image":{"@type":"ImageObject","inLanguage":"es","@id":"https:\/\/virginiacentrobelleza.es\/#\/schema\/person\/image\/","url":"https:\/\/virginiacentrobelleza.es\/wp-content\/uploads\/2022\/10\/cropped-54ced73337d34e33b546690dd4a78215-2.png","contentUrl":"https:\/\/virginiacentrobelleza.es\/wp-content\/uploads\/2022\/10\/cropped-54ced73337d34e33b546690dd4a78215-2.png","width":200,"height":113,"caption":"admin"},"logo":{"@id":"https:\/\/virginiacentrobelleza.es\/#\/schema\/person\/image\/"},"sameAs":["https:\/\/virginiacentrobelleza.es"]}]}},"_links":{"self":[{"href":"https:\/\/virginiacentrobelleza.es\/index.php\/wp-json\/wp\/v2\/pages\/1204","targetHints":{"allow":["GET"]}}],"collection":[{"href":"https:\/\/virginiacentrobelleza.es\/index.php\/wp-json\/wp\/v2\/pages"}],"about":[{"href":"https:\/\/virginiacentrobelleza.es\/index.php\/wp-json\/wp\/v2\/types\/page"}],"author":[{"embeddable":true,"href":"https:\/\/virginiacentrobelleza.es\/index.php\/wp-json\/wp\/v2\/users\/1"}],"replies":[{"embeddable":true,"href":"https:\/\/virginiacentrobelleza.es\/index.php\/wp-json\/wp\/v2\/comments?post=1204"}],"version-history":[{"count":4,"href":"https:\/\/virginiacentrobelleza.es\/index.php\/wp-json\/wp\/v2\/pages\/1204\/revisions"}],"predecessor-version":[{"id":1210,"href":"https:\/\/virginiacentrobelleza.es\/index.php\/wp-json\/wp\/v2\/pages\/1204\/revisions\/1210"}],"wp:attachment":[{"href":"https:\/\/virginiacentrobelleza.es\/index.php\/wp-json\/wp\/v2\/media?parent=1204"}],"curies":[{"name":"wp","href":"https:\/\/api.w.org\/{rel}","templated":true}]}}