{"id":1235,"date":"2022-11-13T19:34:54","date_gmt":"2022-11-13T19:34:54","guid":{"rendered":"https:\/\/virginiacentrobelleza.es\/?page_id=1235"},"modified":"2022-11-13T19:37:44","modified_gmt":"2022-11-13T19:37:44","slug":"cavitacion","status":"publish","type":"page","link":"https:\/\/virginiacentrobelleza.es\/index.php\/cavitacion\/","title":{"rendered":"CAVITACI\u00d3N"},"content":{"rendered":"\t\t<div data-elementor-type=\"wp-page\" data-elementor-id=\"1235\" class=\"elementor elementor-1235\">\n\t\t\t\t\t\t<section class=\"elementor-section elementor-top-section elementor-element elementor-element-b6d3c76 elementor-section-boxed elementor-section-height-default elementor-section-height-default\" data-id=\"b6d3c76\" data-element_type=\"section\">\n\t\t\t\t\t\t<div class=\"elementor-container elementor-column-gap-default\">\n\t\t\t\t\t<div class=\"elementor-column elementor-col-100 elementor-top-column elementor-element elementor-element-b6ed46b\" data-id=\"b6ed46b\" data-element_type=\"column\">\n\t\t\t<div class=\"elementor-widget-wrap elementor-element-populated\">\n\t\t\t\t\t\t<div class=\"elementor-element elementor-element-74517ec elementor-widget elementor-widget-spacer\" data-id=\"74517ec\" data-element_type=\"widget\" data-widget_type=\"spacer.default\">\n\t\t\t\t<div class=\"elementor-widget-container\">\n\t\t\t\t\t\t\t<div class=\"elementor-spacer\">\n\t\t\t<div class=\"elementor-spacer-inner\"><\/div>\n\t\t<\/div>\n\t\t\t\t\t\t<\/div>\n\t\t\t\t<\/div>\n\t\t\t\t<div class=\"elementor-element elementor-element-c4bb622 elementor-invisible elementor-widget elementor-widget-heading\" data-id=\"c4bb622\" data-element_type=\"widget\" data-settings=\"{&quot;_animation&quot;:&quot;zoomIn&quot;}\" data-widget_type=\"heading.default\">\n\t\t\t\t<div class=\"elementor-widget-container\">\n\t\t\t\t\t<h2 class=\"elementor-heading-title elementor-size-default\">CAVITACI\u00d3N<\/h2>\t\t\t\t<\/div>\n\t\t\t\t<\/div>\n\t\t\t\t\t<\/div>\n\t\t<\/div>\n\t\t\t\t\t<\/div>\n\t\t<\/section>\n\t\t\t\t<section class=\"elementor-section elementor-top-section elementor-element elementor-element-0f6282b elementor-section-boxed elementor-section-height-default elementor-section-height-default\" data-id=\"0f6282b\" data-element_type=\"section\">\n\t\t\t\t\t\t<div class=\"elementor-container elementor-column-gap-default\">\n\t\t\t\t\t<div class=\"elementor-column elementor-col-100 elementor-top-column elementor-element elementor-element-48b0ded\" data-id=\"48b0ded\" data-element_type=\"column\">\n\t\t\t<div class=\"elementor-widget-wrap elementor-element-populated\">\n\t\t\t\t\t\t<div class=\"elementor-element elementor-element-4ea1561 elementor-invisible elementor-widget elementor-widget-text-editor\" data-id=\"4ea1561\" data-element_type=\"widget\" data-settings=\"{&quot;_animation&quot;:&quot;fadeInLeft&quot;}\" data-widget_type=\"text-editor.default\">\n\t\t\t\t<div class=\"elementor-widget-container\">\n\t\t\t\t\t\t\t\t\t<p>La\u00a0<strong>Cavitaci\u00f3n<\/strong>\u00a0es un eficaz m\u00e9todo de remodelaci\u00f3n corporal que se ha popularizado como la alternativa a la liposucci\u00f3n por su car\u00e1cter no invasivo e indoloro.<br \/>No es un tratamiento concebido para bajar peso, sino para modelar el cuerpo donde realmente se necesita. Est\u00e1 recomendado para acabar con aquellas grasas localizadas que no se eliminan ni con dietas ni con ejercicio en determinadas zonas (abdomen, muslos o caderas).<\/p><p>La cavitaci\u00f3n se realiza aplicando ultrasonidos de baja frecuencia sobre la zona a tratar. El ultrasonido consigue que la membrana de la c\u00e9lula adiposa se rompa y la grasa pase a estado l\u00edquido. Posteriormente el propio organismo elimina estos restos de forma natural. Pero es muy importante ayudar al organismo en este proceso de eliminaci\u00f3n, ya que, si no la expulsamos, esta grasa diluida acaba por alojarse en otras partes de nuestro cuerpo. Por este motivo,\u00a0<strong>despu\u00e9s de cada sesi\u00f3n de cavitaci\u00f3n es necesario hacer una sesi\u00f3n de drenaje<\/strong>. Ya sea con la ayuda de drenaje linf\u00e1tico o de presoterapia.<\/p><p>Al igual que en la mayor\u00eda de los tratamientos corporales, la constancia es muy importante para que la cavitaci\u00f3n sea efectiva. Seguir estas pautas te ayudar\u00e1 a optimizar los resultados del tratamiento:<\/p><ul><li>Es recomendable beber mucha agua tanto el d\u00eda anterior como el posterior, por este medio vamos a eliminar gran parte la grasa en estado l\u00edquido.<\/li><li>Mantener una dieta saludable durante el tratamiento hace que sea m\u00e1s efectivo y con mejores resultados.<\/li><li>Un paseo r\u00e1pido de 30 minutos despu\u00e9s de la sesi\u00f3n (o hacer un poco de ejercicio) activa la circulaci\u00f3n linf\u00e1tica, contribuyendo con la eliminaci\u00f3n de toxinas.<\/li><li>Realizar un mantenimiento en casa con alg\u00fan\u00a0<strong>producto reductor o lipol\u00edtico<\/strong><strong>\u00a0<\/strong>ayuda a obtener mejores resultados.<\/li><li>\u00a0<\/li><\/ul><p><strong>\u00bfPara qui\u00e9n est\u00e1 indicada?<\/strong><\/p><p>La cavitaci\u00f3n se recomienda para reducir volumen y combatir la celulitis. Pero\u00a0<strong>est\u00e1 especialmente indicada para acabar con las acumulaciones de grasa persistentes en zonas localizadas<\/strong><strong>\u00a0<\/strong>como el abdomen, los flancos, las caderas o los muslos.<\/p><h2>\u00bfQu\u00e9 deber\u00edas saber si est\u00e1s pensando hacerte la cavitaci\u00f3n?<\/h2><p>Es importante recordar que\u00a0<strong>la cavitaci\u00f3n siempre se debe acompa\u00f1ar de otras terapias drenantes<\/strong>, como puede ser la presoterapia, o masaje remodelante que permite multiplicar los efectos de ambas t\u00e9cnicas.<\/p><p>Al igual que la mayor\u00eda de los tratamientos corporales, es posible probar la cavitaci\u00f3n a trav\u00e9s de sesiones sueltas, pero es en los bonos donde resulta m\u00e1s interesante, tanto en los resultados como en el precio final. Las sesiones se realizan 1 o dos veces por semana (dejando transcurrir al menos 48 horas entre ellas) y los resultados no tardan en notarse.<\/p><p><strong style=\"font-style: inherit;\">\u00bfExiste alguna diferencia entre cavitaci\u00f3n y ultracavitaci\u00f3n?<\/strong>\u00a0No, no existe ninguna diferencia. Ultracavitaci\u00f3n solo es el nombre que algunos fabricantes han elegido dar a su cavitaci\u00f3n para hacer creer que es algo superior.<\/p><p><strong>La cavitaci\u00f3n est\u00e1 totalmente desaconsejada<\/strong> durante el embarazo y la lactancia. En personas con cardiopat\u00edas o patolog\u00edas auditivas. Tambi\u00e9n en personas con c\u00e1ncer o portadores de marcapasos y pr\u00f3tesis met\u00e1licas zonales. Si adem\u00e1s tienes problemas hep\u00e1ticos o renales (piedras, trasplantes, etc.) es mejor evitar hacerte la cavitaci\u00f3n.<\/p>\t\t\t\t\t\t\t\t<\/div>\n\t\t\t\t<\/div>\n\t\t\t\t\t<\/div>\n\t\t<\/div>\n\t\t\t\t\t<\/div>\n\t\t<\/section>\n\t\t\t\t<\/div>\n\t\t","protected":false},"excerpt":{"rendered":"<p>CAVITACI\u00d3N La\u00a0Cavitaci\u00f3n\u00a0es un eficaz m\u00e9todo de remodelaci\u00f3n corporal que se ha popularizado como la alternativa a la liposucci\u00f3n por su car\u00e1cter no invasivo e indoloro.No es un tratamiento concebido para bajar peso, sino para modelar el cuerpo donde realmente se necesita. Est\u00e1 recomendado para acabar con aquellas grasas localizadas que no se eliminan ni con [&hellip;]<\/p>\n","protected":false},"author":1,"featured_media":0,"parent":0,"menu_order":0,"comment_status":"closed","ping_status":"closed","template":"","meta":{"site-sidebar-layout":"no-sidebar","site-content-layout":"page-builder","ast-site-content-layout":"","site-content-style":"default","site-sidebar-style":"default","ast-global-header-display":"","ast-banner-title-visibility":"","ast-main-header-display":"","ast-hfb-above-header-display":"","ast-hfb-below-header-display":"","ast-hfb-mobile-header-display":"","site-post-title":"disabled","ast-breadcrumbs-content":"","ast-featured-img":"disabled","footer-sml-layout":"","theme-transparent-header-meta":"","adv-header-id-meta":"","stick-header-meta":"","header-above-stick-meta":"","header-main-stick-meta":"","header-below-stick-meta":"","astra-migrate-meta-layouts":"default","ast-page-background-enabled":"default","ast-page-background-meta":{"desktop":{"background-color":"var(--ast-global-color-4)","background-image":"","background-repeat":"repeat","background-position":"center center","background-size":"auto","background-attachment":"scroll","background-type":"","background-media":"","overlay-type":"","overlay-color":"","overlay-opacity":"","overlay-gradient":""},"tablet":{"background-color":"","background-image":"","background-repeat":"repeat","background-position":"center center","background-size":"auto","background-attachment":"scroll","background-type":"","background-media":"","overlay-type":"","overlay-color":"","overlay-opacity":"","overlay-gradient":""},"mobile":{"background-color":"","background-image":"","background-repeat":"repeat","background-position":"center center","background-size":"auto","background-attachment":"scroll","background-type":"","background-media":"","overlay-type":"","overlay-color":"","overlay-opacity":"","overlay-gradient":""}},"ast-content-background-meta":{"desktop":{"background-color":"var(--ast-global-color-5)","background-image":"","background-repeat":"repeat","background-position":"center center","background-size":"auto","background-attachment":"scroll","background-type":"","background-media":"","overlay-type":"","overlay-color":"","overlay-opacity":"","overlay-gradient":""},"tablet":{"background-color":"var(--ast-global-color-5)","background-image":"","background-repeat":"repeat","background-position":"center center","background-size":"auto","background-attachment":"scroll","background-type":"","background-media":"","overlay-type":"","overlay-color":"","overlay-opacity":"","overlay-gradient":""},"mobile":{"background-color":"var(--ast-global-color-5)","background-image":"","background-repeat":"repeat","background-position":"center center","background-size":"auto","background-attachment":"scroll","background-type":"","background-media":"","overlay-type":"","overlay-color":"","overlay-opacity":"","overlay-gradient":""}},"footnotes":""},"class_list":["post-1235","page","type-page","status-publish","hentry"],"yoast_head":"<!-- This site is optimized with the Yoast SEO plugin v21.0 - https:\/\/yoast.com\/wordpress\/plugins\/seo\/ -->\n<title>CAVITACI\u00d3N &raquo; centrovirginia.es<\/title>\n<meta name=\"robots\" content=\"index, follow, max-snippet:-1, max-image-preview:large, max-video-preview:-1\" \/>\n<link rel=\"canonical\" href=\"https:\/\/virginiacentrobelleza.es\/index.php\/cavitacion\/\" \/>\n<meta property=\"og:locale\" content=\"es_ES\" \/>\n<meta property=\"og:type\" content=\"article\" \/>\n<meta property=\"og:title\" content=\"CAVITACI\u00d3N &raquo; centrovirginia.es\" \/>\n<meta property=\"og:description\" content=\"CAVITACI\u00d3N La\u00a0Cavitaci\u00f3n\u00a0es un eficaz m\u00e9todo de remodelaci\u00f3n corporal que se ha popularizado como la alternativa a la liposucci\u00f3n por su car\u00e1cter no invasivo e indoloro.No es un tratamiento concebido para bajar peso, sino para modelar el cuerpo donde realmente se necesita. Est\u00e1 recomendado para acabar con aquellas grasas localizadas que no se eliminan ni con [&hellip;]\" \/>\n<meta property=\"og:url\" content=\"https:\/\/virginiacentrobelleza.es\/index.php\/cavitacion\/\" \/>\n<meta property=\"og:site_name\" content=\"centrovirginia.es\" \/>\n<meta property=\"article:modified_time\" content=\"2022-11-13T19:37:44+00:00\" \/>\n<meta name=\"twitter:card\" content=\"summary_large_image\" \/>\n<meta name=\"twitter:label1\" content=\"Tiempo de lectura\" \/>\n\t<meta name=\"twitter:data1\" content=\"3 minutos\" \/>\n<script type=\"application\/ld+json\" class=\"yoast-schema-graph\">{\"@context\":\"https:\/\/schema.org\",\"@graph\":[{\"@type\":\"WebPage\",\"@id\":\"https:\/\/virginiacentrobelleza.es\/index.php\/cavitacion\/\",\"url\":\"https:\/\/virginiacentrobelleza.es\/index.php\/cavitacion\/\",\"name\":\"CAVITACI\u00d3N &raquo; centrovirginia.es\",\"isPartOf\":{\"@id\":\"https:\/\/virginiacentrobelleza.es\/#website\"},\"datePublished\":\"2022-11-13T19:34:54+00:00\",\"dateModified\":\"2022-11-13T19:37:44+00:00\",\"breadcrumb\":{\"@id\":\"https:\/\/virginiacentrobelleza.es\/index.php\/cavitacion\/#breadcrumb\"},\"inLanguage\":\"es\",\"potentialAction\":[{\"@type\":\"ReadAction\",\"target\":[\"https:\/\/virginiacentrobelleza.es\/index.php\/cavitacion\/\"]}]},{\"@type\":\"BreadcrumbList\",\"@id\":\"https:\/\/virginiacentrobelleza.es\/index.php\/cavitacion\/#breadcrumb\",\"itemListElement\":[{\"@type\":\"ListItem\",\"position\":1,\"name\":\"Portada\",\"item\":\"https:\/\/virginiacentrobelleza.es\/\"},{\"@type\":\"ListItem\",\"position\":2,\"name\":\"CAVITACI\u00d3N\"}]},{\"@type\":\"WebSite\",\"@id\":\"https:\/\/virginiacentrobelleza.es\/#website\",\"url\":\"https:\/\/virginiacentrobelleza.es\/\",\"name\":\"virginiacentrobelleza.es\",\"description\":\"S&oacute;lo otro sitio de WordPress\",\"publisher\":{\"@id\":\"https:\/\/virginiacentrobelleza.es\/#\/schema\/person\/b0baa4ae0b365b009216f49cb1cb5936\"},\"alternateName\":\"Centro Virginia\",\"potentialAction\":[{\"@type\":\"SearchAction\",\"target\":{\"@type\":\"EntryPoint\",\"urlTemplate\":\"https:\/\/virginiacentrobelleza.es\/?s={search_term_string}\"},\"query-input\":\"required name=search_term_string\"}],\"inLanguage\":\"es\"},{\"@type\":[\"Person\",\"Organization\"],\"@id\":\"https:\/\/virginiacentrobelleza.es\/#\/schema\/person\/b0baa4ae0b365b009216f49cb1cb5936\",\"name\":\"admin\",\"image\":{\"@type\":\"ImageObject\",\"inLanguage\":\"es\",\"@id\":\"https:\/\/virginiacentrobelleza.es\/#\/schema\/person\/image\/\",\"url\":\"https:\/\/virginiacentrobelleza.es\/wp-content\/uploads\/2022\/10\/cropped-54ced73337d34e33b546690dd4a78215-2.png\",\"contentUrl\":\"https:\/\/virginiacentrobelleza.es\/wp-content\/uploads\/2022\/10\/cropped-54ced73337d34e33b546690dd4a78215-2.png\",\"width\":200,\"height\":113,\"caption\":\"admin\"},\"logo\":{\"@id\":\"https:\/\/virginiacentrobelleza.es\/#\/schema\/person\/image\/\"},\"sameAs\":[\"https:\/\/virginiacentrobelleza.es\"]}]}<\/script>\n<!-- \/ Yoast SEO plugin. -->","yoast_head_json":{"title":"CAVITACI\u00d3N &raquo; centrovirginia.es","robots":{"index":"index","follow":"follow","max-snippet":"max-snippet:-1","max-image-preview":"max-image-preview:large","max-video-preview":"max-video-preview:-1"},"canonical":"https:\/\/virginiacentrobelleza.es\/index.php\/cavitacion\/","og_locale":"es_ES","og_type":"article","og_title":"CAVITACI\u00d3N &raquo; centrovirginia.es","og_description":"CAVITACI\u00d3N La\u00a0Cavitaci\u00f3n\u00a0es un eficaz m\u00e9todo de remodelaci\u00f3n corporal que se ha popularizado como la alternativa a la liposucci\u00f3n por su car\u00e1cter no invasivo e indoloro.No es un tratamiento concebido para bajar peso, sino para modelar el cuerpo donde realmente se necesita. Est\u00e1 recomendado para acabar con aquellas grasas localizadas que no se eliminan ni con [&hellip;]","og_url":"https:\/\/virginiacentrobelleza.es\/index.php\/cavitacion\/","og_site_name":"centrovirginia.es","article_modified_time":"2022-11-13T19:37:44+00:00","twitter_card":"summary_large_image","twitter_misc":{"Tiempo de lectura":"3 minutos"},"schema":{"@context":"https:\/\/schema.org","@graph":[{"@type":"WebPage","@id":"https:\/\/virginiacentrobelleza.es\/index.php\/cavitacion\/","url":"https:\/\/virginiacentrobelleza.es\/index.php\/cavitacion\/","name":"CAVITACI\u00d3N &raquo; centrovirginia.es","isPartOf":{"@id":"https:\/\/virginiacentrobelleza.es\/#website"},"datePublished":"2022-11-13T19:34:54+00:00","dateModified":"2022-11-13T19:37:44+00:00","breadcrumb":{"@id":"https:\/\/virginiacentrobelleza.es\/index.php\/cavitacion\/#breadcrumb"},"inLanguage":"es","potentialAction":[{"@type":"ReadAction","target":["https:\/\/virginiacentrobelleza.es\/index.php\/cavitacion\/"]}]},{"@type":"BreadcrumbList","@id":"https:\/\/virginiacentrobelleza.es\/index.php\/cavitacion\/#breadcrumb","itemListElement":[{"@type":"ListItem","position":1,"name":"Portada","item":"https:\/\/virginiacentrobelleza.es\/"},{"@type":"ListItem","position":2,"name":"CAVITACI\u00d3N"}]},{"@type":"WebSite","@id":"https:\/\/virginiacentrobelleza.es\/#website","url":"https:\/\/virginiacentrobelleza.es\/","name":"virginiacentrobelleza.es","description":"S&oacute;lo otro sitio de WordPress","publisher":{"@id":"https:\/\/virginiacentrobelleza.es\/#\/schema\/person\/b0baa4ae0b365b009216f49cb1cb5936"},"alternateName":"Centro Virginia","potentialAction":[{"@type":"SearchAction","target":{"@type":"EntryPoint","urlTemplate":"https:\/\/virginiacentrobelleza.es\/?s={search_term_string}"},"query-input":"required name=search_term_string"}],"inLanguage":"es"},{"@type":["Person","Organization"],"@id":"https:\/\/virginiacentrobelleza.es\/#\/schema\/person\/b0baa4ae0b365b009216f49cb1cb5936","name":"admin","image":{"@type":"ImageObject","inLanguage":"es","@id":"https:\/\/virginiacentrobelleza.es\/#\/schema\/person\/image\/","url":"https:\/\/virginiacentrobelleza.es\/wp-content\/uploads\/2022\/10\/cropped-54ced73337d34e33b546690dd4a78215-2.png","contentUrl":"https:\/\/virginiacentrobelleza.es\/wp-content\/uploads\/2022\/10\/cropped-54ced73337d34e33b546690dd4a78215-2.png","width":200,"height":113,"caption":"admin"},"logo":{"@id":"https:\/\/virginiacentrobelleza.es\/#\/schema\/person\/image\/"},"sameAs":["https:\/\/virginiacentrobelleza.es"]}]}},"_links":{"self":[{"href":"https:\/\/virginiacentrobelleza.es\/index.php\/wp-json\/wp\/v2\/pages\/1235","targetHints":{"allow":["GET"]}}],"collection":[{"href":"https:\/\/virginiacentrobelleza.es\/index.php\/wp-json\/wp\/v2\/pages"}],"about":[{"href":"https:\/\/virginiacentrobelleza.es\/index.php\/wp-json\/wp\/v2\/types\/page"}],"author":[{"embeddable":true,"href":"https:\/\/virginiacentrobelleza.es\/index.php\/wp-json\/wp\/v2\/users\/1"}],"replies":[{"embeddable":true,"href":"https:\/\/virginiacentrobelleza.es\/index.php\/wp-json\/wp\/v2\/comments?post=1235"}],"version-history":[{"count":4,"href":"https:\/\/virginiacentrobelleza.es\/index.php\/wp-json\/wp\/v2\/pages\/1235\/revisions"}],"predecessor-version":[{"id":1240,"href":"https:\/\/virginiacentrobelleza.es\/index.php\/wp-json\/wp\/v2\/pages\/1235\/revisions\/1240"}],"wp:attachment":[{"href":"https:\/\/virginiacentrobelleza.es\/index.php\/wp-json\/wp\/v2\/media?parent=1235"}],"curies":[{"name":"wp","href":"https:\/\/api.w.org\/{rel}","templated":true}]}}