{"id":1250,"date":"2022-11-16T13:02:57","date_gmt":"2022-11-16T13:02:57","guid":{"rendered":"https:\/\/virginiacentrobelleza.es\/?page_id=1250"},"modified":"2022-11-16T13:06:28","modified_gmt":"2022-11-16T13:06:28","slug":"fototerapia","status":"publish","type":"page","link":"https:\/\/virginiacentrobelleza.es\/index.php\/fototerapia\/","title":{"rendered":"fototerapia"},"content":{"rendered":"\t\t<div data-elementor-type=\"wp-page\" data-elementor-id=\"1250\" class=\"elementor elementor-1250\">\n\t\t\t\t\t\t<section class=\"elementor-section elementor-top-section elementor-element elementor-element-c812496 elementor-section-boxed elementor-section-height-default elementor-section-height-default\" data-id=\"c812496\" data-element_type=\"section\">\n\t\t\t\t\t\t<div class=\"elementor-container elementor-column-gap-default\">\n\t\t\t\t\t<div class=\"elementor-column elementor-col-100 elementor-top-column elementor-element elementor-element-5188de2\" data-id=\"5188de2\" data-element_type=\"column\">\n\t\t\t<div class=\"elementor-widget-wrap elementor-element-populated\">\n\t\t\t\t\t\t<div class=\"elementor-element elementor-element-b6282c8 elementor-widget elementor-widget-spacer\" data-id=\"b6282c8\" data-element_type=\"widget\" data-widget_type=\"spacer.default\">\n\t\t\t\t<div class=\"elementor-widget-container\">\n\t\t\t\t\t\t\t<div class=\"elementor-spacer\">\n\t\t\t<div class=\"elementor-spacer-inner\"><\/div>\n\t\t<\/div>\n\t\t\t\t\t\t<\/div>\n\t\t\t\t<\/div>\n\t\t\t\t<div class=\"elementor-element elementor-element-4919e7b elementor-invisible elementor-widget elementor-widget-heading\" data-id=\"4919e7b\" data-element_type=\"widget\" data-settings=\"{&quot;_animation&quot;:&quot;zoomIn&quot;}\" data-widget_type=\"heading.default\">\n\t\t\t\t<div class=\"elementor-widget-container\">\n\t\t\t\t\t<h2 class=\"elementor-heading-title elementor-size-default\">FOTOTERAPIA<\/h2>\t\t\t\t<\/div>\n\t\t\t\t<\/div>\n\t\t\t\t\t<\/div>\n\t\t<\/div>\n\t\t\t\t\t<\/div>\n\t\t<\/section>\n\t\t\t\t<section class=\"elementor-section elementor-top-section elementor-element elementor-element-33cb3b8 elementor-section-boxed elementor-section-height-default elementor-section-height-default\" data-id=\"33cb3b8\" data-element_type=\"section\">\n\t\t\t\t\t\t<div class=\"elementor-container elementor-column-gap-default\">\n\t\t\t\t\t<div class=\"elementor-column elementor-col-100 elementor-top-column elementor-element elementor-element-4fed5a7\" data-id=\"4fed5a7\" data-element_type=\"column\">\n\t\t\t<div class=\"elementor-widget-wrap elementor-element-populated\">\n\t\t\t\t\t\t<div class=\"elementor-element elementor-element-4a30388 elementor-invisible elementor-widget elementor-widget-text-editor\" data-id=\"4a30388\" data-element_type=\"widget\" data-settings=\"{&quot;_animation&quot;:&quot;fadeInLeft&quot;}\" data-widget_type=\"text-editor.default\">\n\t\t\t\t<div class=\"elementor-widget-container\">\n\t\t\t\t\t\t\t\t\t<p>La\u00a0luz pulsada intensa o IPL facial, es un sistema id\u00f3neo para tratar el proceso de envejecimiento de la piel. Permite difuminar las diferentes tonalidades que manifiesta la piel, como manchas, rojeces, arrugas y poros, derivados del paso del tiempo y la exposici\u00f3n solar.<\/p><div>\u00a0<\/div><div><span style=\"font-family: Comic Sans MS, Chalkboard, cursive;\"><b>Podemos trabajar con la terapia tratamientos:<\/b><\/span><\/div><div><span style=\"font-family: Comic Sans MS, Chalkboard, cursive;\">\u00b7 Manchas faciales<\/span><\/div><div><span style=\"font-family: Comic Sans MS, Chalkboard, cursive;\">\u00b7 Acn\u00e9\u00a0<\/span><\/div><div><span style=\"font-family: Comic Sans MS, Chalkboard, cursive;\">\u00b7 Rejuvenecimiento<\/span><\/div><div><div>Estas sesiones sirven para indistintamente manchas generadas debido a la exposici\u00f3n solar, siendo recomendables para personas que tengan acn\u00e9, patas de gallo, lesiones vasculares, pieles ros\u00e1ceas o vasos dilatados.<\/div><div>Algunos de los principales beneficios que tiene el tratamiento de foto rejuvenecimiento son los siguientes:<\/div><div>\u00a0<\/div><div><b>REJUVENECE LA PIEL<\/b><\/div><div>Con cada sesi\u00f3n de foto rejuvenecimiento, las personas notar\u00e1n un aspecto rejuvenecido, debido a los efectos del l\u00e1ser de alta intensidad que da impulsos de luz en el \u00e1rea que se trate y mejorar\u00e1 el aspecto de la piel de forma paulatina.<\/div><div>\u00a0<\/div><div><b>ELIMINA EL ACN\u00c9<\/b><\/div><div>El acn\u00e9 puede originarse por causa de estr\u00e9s, mala alimentaci\u00f3n o cambios hormonales. Sin embargo, con este tratamiento, se puede reducir todo exceso de acn\u00e9 sin que haya la necesidad de usar antibi\u00f3ticos ni aplicar otro tipo de tratamientos.<\/div><div>\u00a0<\/div><div><b>ELIMINA MANCHAS<\/b><\/div><div>La foto rejuvenecimiento es ideal para tratar \u00e1reas donde haya manchas, puesto que permite reducirlas hasta lograr eliminarlas, mejorando la textura y tonalidad que tenga el cutis.<\/div><div>\u00a0<\/div><div>Entre sus beneficios destacan:<\/div><div><ul><li>Estimulaci\u00f3n de nuevo col\u00e1geno.<\/li><\/ul><\/div><div><ul><li>Mejorar y unificar la tonalidad de la piel.<\/li><\/ul><\/div><div><ul><li>Disminuci\u00f3n del tama\u00f1o de los poros de la cara.<\/li><\/ul><\/div><div><ul><li>Iluminaci\u00f3n de la piel.<\/li><\/ul><\/div><div><ul><li>Eliminaci\u00f3n de arrugas finas.<\/li><\/ul><\/div><div><ul><li>Eliminaci\u00f3n de rojeces.<\/li><\/ul><\/div><\/div><div><div><div><div><div><div><div><h5 style=\"text-align: center;\">\u00bfEn qu\u00e9 consiste el tratamiento con luz pulsada intensa?<\/h5><div><span style=\"font-size: 16px;\">El tratamiento normalmente se lleva a cabo a lo largo de cuatro sesiones. Aunque puede variar dependiendo del estado de la piel y edad del paciente, suele realizarse una sesi\u00f3n vez al mes. Los resultados suelen comenzar a notarse en la primera sesi\u00f3n y muestra resultados claramente visibles a partir de la segunda o tercera.<\/span><\/div><\/div><\/div><\/div><\/div><\/div><\/div><\/div><div><p><strong>Recomendaciones\u00a0<\/strong><\/p><p>Recuerda no exponer la zona que se va a tratar al sol ni a rayos uva dos semanas antes del tratamiento, ni dos semanas despu\u00e9s. Por este motivo no es aconsejable realizarlo durante los meses de m\u00e1s sol (entre julio y septiembre).<\/p><p>Si tienes intenci\u00f3n de depilarte, o hacerte un tratamiento dermoabrasi\u00f3n o similar, es necesario distanciarlo al menos un par de semanas del tratamiento de foto rejuvenecimiento<\/p><\/div>\t\t\t\t\t\t\t\t<\/div>\n\t\t\t\t<\/div>\n\t\t\t\t\t<\/div>\n\t\t<\/div>\n\t\t\t\t\t<\/div>\n\t\t<\/section>\n\t\t\t\t<\/div>\n\t\t","protected":false},"excerpt":{"rendered":"<p>FOTOTERAPIA La\u00a0luz pulsada intensa o IPL facial, es un sistema id\u00f3neo para tratar el proceso de envejecimiento de la piel. Permite difuminar las diferentes tonalidades que manifiesta la piel, como manchas, rojeces, arrugas y poros, derivados del paso del tiempo y la exposici\u00f3n solar. \u00a0Podemos trabajar con la terapia tratamientos:\u00b7 Manchas faciales\u00b7 Acn\u00e9\u00a0\u00b7 RejuvenecimientoEstas sesiones [&hellip;]<\/p>\n","protected":false},"author":1,"featured_media":0,"parent":0,"menu_order":0,"comment_status":"closed","ping_status":"closed","template":"","meta":{"site-sidebar-layout":"no-sidebar","site-content-layout":"page-builder","ast-site-content-layout":"","site-content-style":"default","site-sidebar-style":"default","ast-global-header-display":"","ast-banner-title-visibility":"","ast-main-header-display":"","ast-hfb-above-header-display":"","ast-hfb-below-header-display":"","ast-hfb-mobile-header-display":"","site-post-title":"disabled","ast-breadcrumbs-content":"","ast-featured-img":"disabled","footer-sml-layout":"","theme-transparent-header-meta":"","adv-header-id-meta":"","stick-header-meta":"","header-above-stick-meta":"","header-main-stick-meta":"","header-below-stick-meta":"","astra-migrate-meta-layouts":"default","ast-page-background-enabled":"default","ast-page-background-meta":{"desktop":{"background-color":"var(--ast-global-color-4)","background-image":"","background-repeat":"repeat","background-position":"center center","background-size":"auto","background-attachment":"scroll","background-type":"","background-media":"","overlay-type":"","overlay-color":"","overlay-opacity":"","overlay-gradient":""},"tablet":{"background-color":"","background-image":"","background-repeat":"repeat","background-position":"center center","background-size":"auto","background-attachment":"scroll","background-type":"","background-media":"","overlay-type":"","overlay-color":"","overlay-opacity":"","overlay-gradient":""},"mobile":{"background-color":"","background-image":"","background-repeat":"repeat","background-position":"center center","background-size":"auto","background-attachment":"scroll","background-type":"","background-media":"","overlay-type":"","overlay-color":"","overlay-opacity":"","overlay-gradient":""}},"ast-content-background-meta":{"desktop":{"background-color":"var(--ast-global-color-5)","background-image":"","background-repeat":"repeat","background-position":"center center","background-size":"auto","background-attachment":"scroll","background-type":"","background-media":"","overlay-type":"","overlay-color":"","overlay-opacity":"","overlay-gradient":""},"tablet":{"background-color":"var(--ast-global-color-5)","background-image":"","background-repeat":"repeat","background-position":"center center","background-size":"auto","background-attachment":"scroll","background-type":"","background-media":"","overlay-type":"","overlay-color":"","overlay-opacity":"","overlay-gradient":""},"mobile":{"background-color":"var(--ast-global-color-5)","background-image":"","background-repeat":"repeat","background-position":"center center","background-size":"auto","background-attachment":"scroll","background-type":"","background-media":"","overlay-type":"","overlay-color":"","overlay-opacity":"","overlay-gradient":""}},"footnotes":""},"class_list":["post-1250","page","type-page","status-publish","hentry"],"yoast_head":"<!-- This site is optimized with the Yoast SEO plugin v21.0 - https:\/\/yoast.com\/wordpress\/plugins\/seo\/ -->\n<title>fototerapia &raquo; centrovirginia.es<\/title>\n<meta name=\"robots\" content=\"index, follow, max-snippet:-1, max-image-preview:large, max-video-preview:-1\" \/>\n<link rel=\"canonical\" href=\"https:\/\/virginiacentrobelleza.es\/index.php\/fototerapia\/\" \/>\n<meta property=\"og:locale\" content=\"es_ES\" \/>\n<meta property=\"og:type\" content=\"article\" \/>\n<meta property=\"og:title\" content=\"fototerapia &raquo; centrovirginia.es\" \/>\n<meta property=\"og:description\" content=\"FOTOTERAPIA La\u00a0luz pulsada intensa o IPL facial, es un sistema id\u00f3neo para tratar el proceso de envejecimiento de la piel. Permite difuminar las diferentes tonalidades que manifiesta la piel, como manchas, rojeces, arrugas y poros, derivados del paso del tiempo y la exposici\u00f3n solar. \u00a0Podemos trabajar con la terapia tratamientos:\u00b7 Manchas faciales\u00b7 Acn\u00e9\u00a0\u00b7 RejuvenecimientoEstas sesiones [&hellip;]\" \/>\n<meta property=\"og:url\" content=\"https:\/\/virginiacentrobelleza.es\/index.php\/fototerapia\/\" \/>\n<meta property=\"og:site_name\" content=\"centrovirginia.es\" \/>\n<meta property=\"article:modified_time\" content=\"2022-11-16T13:06:28+00:00\" \/>\n<meta name=\"twitter:card\" content=\"summary_large_image\" \/>\n<meta name=\"twitter:label1\" content=\"Tiempo de lectura\" \/>\n\t<meta name=\"twitter:data1\" content=\"2 minutos\" \/>\n<script type=\"application\/ld+json\" class=\"yoast-schema-graph\">{\"@context\":\"https:\/\/schema.org\",\"@graph\":[{\"@type\":\"WebPage\",\"@id\":\"https:\/\/virginiacentrobelleza.es\/index.php\/fototerapia\/\",\"url\":\"https:\/\/virginiacentrobelleza.es\/index.php\/fototerapia\/\",\"name\":\"fototerapia &raquo; centrovirginia.es\",\"isPartOf\":{\"@id\":\"https:\/\/virginiacentrobelleza.es\/#website\"},\"datePublished\":\"2022-11-16T13:02:57+00:00\",\"dateModified\":\"2022-11-16T13:06:28+00:00\",\"breadcrumb\":{\"@id\":\"https:\/\/virginiacentrobelleza.es\/index.php\/fototerapia\/#breadcrumb\"},\"inLanguage\":\"es\",\"potentialAction\":[{\"@type\":\"ReadAction\",\"target\":[\"https:\/\/virginiacentrobelleza.es\/index.php\/fototerapia\/\"]}]},{\"@type\":\"BreadcrumbList\",\"@id\":\"https:\/\/virginiacentrobelleza.es\/index.php\/fototerapia\/#breadcrumb\",\"itemListElement\":[{\"@type\":\"ListItem\",\"position\":1,\"name\":\"Portada\",\"item\":\"https:\/\/virginiacentrobelleza.es\/\"},{\"@type\":\"ListItem\",\"position\":2,\"name\":\"fototerapia\"}]},{\"@type\":\"WebSite\",\"@id\":\"https:\/\/virginiacentrobelleza.es\/#website\",\"url\":\"https:\/\/virginiacentrobelleza.es\/\",\"name\":\"virginiacentrobelleza.es\",\"description\":\"S&oacute;lo otro sitio de WordPress\",\"publisher\":{\"@id\":\"https:\/\/virginiacentrobelleza.es\/#\/schema\/person\/b0baa4ae0b365b009216f49cb1cb5936\"},\"alternateName\":\"Centro Virginia\",\"potentialAction\":[{\"@type\":\"SearchAction\",\"target\":{\"@type\":\"EntryPoint\",\"urlTemplate\":\"https:\/\/virginiacentrobelleza.es\/?s={search_term_string}\"},\"query-input\":\"required name=search_term_string\"}],\"inLanguage\":\"es\"},{\"@type\":[\"Person\",\"Organization\"],\"@id\":\"https:\/\/virginiacentrobelleza.es\/#\/schema\/person\/b0baa4ae0b365b009216f49cb1cb5936\",\"name\":\"admin\",\"image\":{\"@type\":\"ImageObject\",\"inLanguage\":\"es\",\"@id\":\"https:\/\/virginiacentrobelleza.es\/#\/schema\/person\/image\/\",\"url\":\"https:\/\/virginiacentrobelleza.es\/wp-content\/uploads\/2022\/10\/cropped-54ced73337d34e33b546690dd4a78215-2.png\",\"contentUrl\":\"https:\/\/virginiacentrobelleza.es\/wp-content\/uploads\/2022\/10\/cropped-54ced73337d34e33b546690dd4a78215-2.png\",\"width\":200,\"height\":113,\"caption\":\"admin\"},\"logo\":{\"@id\":\"https:\/\/virginiacentrobelleza.es\/#\/schema\/person\/image\/\"},\"sameAs\":[\"https:\/\/virginiacentrobelleza.es\"]}]}<\/script>\n<!-- \/ Yoast SEO plugin. -->","yoast_head_json":{"title":"fototerapia &raquo; centrovirginia.es","robots":{"index":"index","follow":"follow","max-snippet":"max-snippet:-1","max-image-preview":"max-image-preview:large","max-video-preview":"max-video-preview:-1"},"canonical":"https:\/\/virginiacentrobelleza.es\/index.php\/fototerapia\/","og_locale":"es_ES","og_type":"article","og_title":"fototerapia &raquo; centrovirginia.es","og_description":"FOTOTERAPIA La\u00a0luz pulsada intensa o IPL facial, es un sistema id\u00f3neo para tratar el proceso de envejecimiento de la piel. Permite difuminar las diferentes tonalidades que manifiesta la piel, como manchas, rojeces, arrugas y poros, derivados del paso del tiempo y la exposici\u00f3n solar. \u00a0Podemos trabajar con la terapia tratamientos:\u00b7 Manchas faciales\u00b7 Acn\u00e9\u00a0\u00b7 RejuvenecimientoEstas sesiones [&hellip;]","og_url":"https:\/\/virginiacentrobelleza.es\/index.php\/fototerapia\/","og_site_name":"centrovirginia.es","article_modified_time":"2022-11-16T13:06:28+00:00","twitter_card":"summary_large_image","twitter_misc":{"Tiempo de lectura":"2 minutos"},"schema":{"@context":"https:\/\/schema.org","@graph":[{"@type":"WebPage","@id":"https:\/\/virginiacentrobelleza.es\/index.php\/fototerapia\/","url":"https:\/\/virginiacentrobelleza.es\/index.php\/fototerapia\/","name":"fototerapia &raquo; centrovirginia.es","isPartOf":{"@id":"https:\/\/virginiacentrobelleza.es\/#website"},"datePublished":"2022-11-16T13:02:57+00:00","dateModified":"2022-11-16T13:06:28+00:00","breadcrumb":{"@id":"https:\/\/virginiacentrobelleza.es\/index.php\/fototerapia\/#breadcrumb"},"inLanguage":"es","potentialAction":[{"@type":"ReadAction","target":["https:\/\/virginiacentrobelleza.es\/index.php\/fototerapia\/"]}]},{"@type":"BreadcrumbList","@id":"https:\/\/virginiacentrobelleza.es\/index.php\/fototerapia\/#breadcrumb","itemListElement":[{"@type":"ListItem","position":1,"name":"Portada","item":"https:\/\/virginiacentrobelleza.es\/"},{"@type":"ListItem","position":2,"name":"fototerapia"}]},{"@type":"WebSite","@id":"https:\/\/virginiacentrobelleza.es\/#website","url":"https:\/\/virginiacentrobelleza.es\/","name":"virginiacentrobelleza.es","description":"S&oacute;lo otro sitio de WordPress","publisher":{"@id":"https:\/\/virginiacentrobelleza.es\/#\/schema\/person\/b0baa4ae0b365b009216f49cb1cb5936"},"alternateName":"Centro Virginia","potentialAction":[{"@type":"SearchAction","target":{"@type":"EntryPoint","urlTemplate":"https:\/\/virginiacentrobelleza.es\/?s={search_term_string}"},"query-input":"required name=search_term_string"}],"inLanguage":"es"},{"@type":["Person","Organization"],"@id":"https:\/\/virginiacentrobelleza.es\/#\/schema\/person\/b0baa4ae0b365b009216f49cb1cb5936","name":"admin","image":{"@type":"ImageObject","inLanguage":"es","@id":"https:\/\/virginiacentrobelleza.es\/#\/schema\/person\/image\/","url":"https:\/\/virginiacentrobelleza.es\/wp-content\/uploads\/2022\/10\/cropped-54ced73337d34e33b546690dd4a78215-2.png","contentUrl":"https:\/\/virginiacentrobelleza.es\/wp-content\/uploads\/2022\/10\/cropped-54ced73337d34e33b546690dd4a78215-2.png","width":200,"height":113,"caption":"admin"},"logo":{"@id":"https:\/\/virginiacentrobelleza.es\/#\/schema\/person\/image\/"},"sameAs":["https:\/\/virginiacentrobelleza.es"]}]}},"_links":{"self":[{"href":"https:\/\/virginiacentrobelleza.es\/index.php\/wp-json\/wp\/v2\/pages\/1250","targetHints":{"allow":["GET"]}}],"collection":[{"href":"https:\/\/virginiacentrobelleza.es\/index.php\/wp-json\/wp\/v2\/pages"}],"about":[{"href":"https:\/\/virginiacentrobelleza.es\/index.php\/wp-json\/wp\/v2\/types\/page"}],"author":[{"embeddable":true,"href":"https:\/\/virginiacentrobelleza.es\/index.php\/wp-json\/wp\/v2\/users\/1"}],"replies":[{"embeddable":true,"href":"https:\/\/virginiacentrobelleza.es\/index.php\/wp-json\/wp\/v2\/comments?post=1250"}],"version-history":[{"count":4,"href":"https:\/\/virginiacentrobelleza.es\/index.php\/wp-json\/wp\/v2\/pages\/1250\/revisions"}],"predecessor-version":[{"id":1254,"href":"https:\/\/virginiacentrobelleza.es\/index.php\/wp-json\/wp\/v2\/pages\/1250\/revisions\/1254"}],"wp:attachment":[{"href":"https:\/\/virginiacentrobelleza.es\/index.php\/wp-json\/wp\/v2\/media?parent=1250"}],"curies":[{"name":"wp","href":"https:\/\/api.w.org\/{rel}","templated":true}]}}