{"id":1276,"date":"2022-11-16T13:35:46","date_gmt":"2022-11-16T13:35:46","guid":{"rendered":"https:\/\/virginiacentrobelleza.es\/?page_id=1276"},"modified":"2022-11-16T13:39:10","modified_gmt":"2022-11-16T13:39:10","slug":"lipolaser","status":"publish","type":"page","link":"https:\/\/virginiacentrobelleza.es\/index.php\/lipolaser\/","title":{"rendered":"LIPOLASER"},"content":{"rendered":"\t\t<div data-elementor-type=\"wp-page\" data-elementor-id=\"1276\" class=\"elementor elementor-1276\">\n\t\t\t\t\t\t<section class=\"elementor-section elementor-top-section elementor-element elementor-element-ac003ba elementor-section-boxed elementor-section-height-default elementor-section-height-default\" data-id=\"ac003ba\" data-element_type=\"section\">\n\t\t\t\t\t\t<div class=\"elementor-container elementor-column-gap-default\">\n\t\t\t\t\t<div class=\"elementor-column elementor-col-100 elementor-top-column elementor-element elementor-element-6464b7f\" data-id=\"6464b7f\" data-element_type=\"column\">\n\t\t\t<div class=\"elementor-widget-wrap elementor-element-populated\">\n\t\t\t\t\t\t<div class=\"elementor-element elementor-element-a15026d elementor-widget elementor-widget-spacer\" data-id=\"a15026d\" data-element_type=\"widget\" data-widget_type=\"spacer.default\">\n\t\t\t\t<div class=\"elementor-widget-container\">\n\t\t\t\t\t\t\t<div class=\"elementor-spacer\">\n\t\t\t<div class=\"elementor-spacer-inner\"><\/div>\n\t\t<\/div>\n\t\t\t\t\t\t<\/div>\n\t\t\t\t<\/div>\n\t\t\t\t\t<\/div>\n\t\t<\/div>\n\t\t\t\t\t<\/div>\n\t\t<\/section>\n\t\t\t\t<section class=\"elementor-section elementor-top-section elementor-element elementor-element-55479c1 elementor-section-boxed elementor-section-height-default elementor-section-height-default\" data-id=\"55479c1\" data-element_type=\"section\">\n\t\t\t\t\t\t<div class=\"elementor-container elementor-column-gap-default\">\n\t\t\t\t\t<div class=\"elementor-column elementor-col-100 elementor-top-column elementor-element elementor-element-b0fd835\" data-id=\"b0fd835\" data-element_type=\"column\">\n\t\t\t<div class=\"elementor-widget-wrap elementor-element-populated\">\n\t\t\t\t\t\t<div class=\"elementor-element elementor-element-018d2e8 elementor-invisible elementor-widget elementor-widget-heading\" data-id=\"018d2e8\" data-element_type=\"widget\" data-settings=\"{&quot;_animation&quot;:&quot;zoomIn&quot;}\" data-widget_type=\"heading.default\">\n\t\t\t\t<div class=\"elementor-widget-container\">\n\t\t\t\t\t<h2 class=\"elementor-heading-title elementor-size-default\">LIPOLASER<\/h2>\t\t\t\t<\/div>\n\t\t\t\t<\/div>\n\t\t\t\t\t<\/div>\n\t\t<\/div>\n\t\t\t\t\t<\/div>\n\t\t<\/section>\n\t\t\t\t<section class=\"elementor-section elementor-top-section elementor-element elementor-element-7031dc1 elementor-section-boxed elementor-section-height-default elementor-section-height-default\" data-id=\"7031dc1\" data-element_type=\"section\">\n\t\t\t\t\t\t<div class=\"elementor-container elementor-column-gap-default\">\n\t\t\t\t\t<div class=\"elementor-column elementor-col-100 elementor-top-column elementor-element elementor-element-979a51f\" data-id=\"979a51f\" data-element_type=\"column\">\n\t\t\t<div class=\"elementor-widget-wrap elementor-element-populated\">\n\t\t\t\t\t\t<div class=\"elementor-element elementor-element-3134bc6 elementor-invisible elementor-widget elementor-widget-text-editor\" data-id=\"3134bc6\" data-element_type=\"widget\" data-settings=\"{&quot;_animation&quot;:&quot;fadeInLeft&quot;}\" data-widget_type=\"text-editor.default\">\n\t\t\t\t<div class=\"elementor-widget-container\">\n\t\t\t\t\t\t\t\t\t<div><div><p>\u00a0Lipol\u00e1ser es un tratamiento est\u00e9tico con el que se consigue <strong style=\"font-size: 16px;\">reducir la grasa localizada<\/strong><span style=\"font-size: 16px;\">\u00a0y, como consecuencia, disminuir el volumen corporal. Esta t\u00e9cnica, basada en la aplicaci\u00f3n de energ\u00eda l\u00e1ser de manera espec\u00edfica, produce la disoluci\u00f3n de los c\u00famulos grasos bajo la piel, reduciendo el tejido graso considerablemente.\u00a0<\/span><\/p><\/div><\/div><div><p>El lipol\u00e1ser est\u00e1 especialmente dise\u00f1ado para eliminar o tratar la grasa localizada dif\u00edcil de eliminar con\u00a0dietas o ejercicio. Gracias a las ventajas que ofrece el l\u00e1ser, se reduce el riesgo de\u00a0hematomas, sangrado o retracci\u00f3n de la piel. Est\u00e1 especialmente indicado para tratar zonas de\u00a0<strong>cualquier regi\u00f3n corporal o facial<\/strong>, incluso si se trata de un \u00e1rea de dif\u00edcil acceso.<\/p><p>\u00a0<\/p><p>Por otro lado, y gracias al incremento de la permeabilidad de la pared del adipocito, estas grasas se liberan a trav\u00e9s de los poros en la membrana y se ponen en circulaci\u00f3n a trav\u00e9s del sistema sangu\u00edneo y linf\u00e1tico para su posterior eliminaci\u00f3n por v\u00edas urinarias y a trav\u00e9s del propio ejercicio diario.<\/p><div><div><div><div><div><div><h4 style=\"text-align: center;\">\u00bfC\u00f3mo act\u00faa?<\/h4><\/div><div>\u00a0<\/div><\/div><\/div><\/div><\/div><div><div><div><div><div><div><p>El<strong>\u00a0Lipol\u00e1ser\u00a0<\/strong>\u00a0act\u00faa emitiendo una energ\u00eda que las c\u00e9lulas grasas van a absorber, y por ello se producir\u00e1:<\/p><ul><li>Un incremento en la permeabilidad de las paredes del adipocito.<\/li><li>Un aumento del metabolismo celular.<\/li><\/ul><p>Este tratamiento, para poder obtener un mayor resultado, se tiene que realizar una o dos veces por semana y combinarlo con otras t\u00e9cnicas como\u00a0<strong>drenaje linf\u00e1tico o presoterapia.<\/strong><\/p><\/div><\/div><\/div><\/div><\/div><div><div><div><div><div><img fetchpriority=\"high\" decoding=\"async\" class=\"CToWUd a6T\" tabindex=\"0\" title=\"lipolaser slim\" src=\"https:\/\/ci3.googleusercontent.com\/proxy\/NRT7pWJQcQXZ6VT6Df5fSC2lAocVBqvEu9pBCUaAeW316FfgfjgiLwivtNtlJkynH-xWIYWSTxXgkv9emnwZ0ffGdnXRLjU9jioXC3jivkDz2X1EeyMVd6Srgqhb89xYyEwXxphMN0q-peVm=s0-d-e1-ft#https:\/\/www.medicaltechnology.es\/wp-content\/uploads\/2018\/05\/lipolaser-slim-2-1024x600.jpg\" alt=\"\" width=\"1024\" height=\"600\" data-bit=\"iit\" \/><\/div><\/div><\/div><\/div><\/div><\/div><div>\u00a0<\/div><div><div><div><div>\u00a0<\/div><\/div><\/div><\/div><\/div><p>Casos en los que se recomienda la lipol\u00e1ser<\/p><p>Probablemente creas que cualquiera puede ser un candidato al<strong>\u00a0lipol\u00e1ser<\/strong>, pero hay casos espec\u00edficos en los que\u00a0<strong>se recomienda<\/strong>:<\/p><ul><li><p>Para\u00a0<strong>eliminar dep\u00f3sitos de grasa<\/strong>\u00a0en la cara interna de muslos, tobillos, rodillas, gl\u00fateos, brazos y abdomen.<\/p><\/li><\/ul><ul><li><p>Para tratar pieles de contracci\u00f3n dificultosa, por ejemplo, el \u00e1rea abdominal\u00a0<strong>despu\u00e9s de un embarazo<\/strong>.<\/p><\/li><\/ul><\/div>\t\t\t\t\t\t\t\t<\/div>\n\t\t\t\t<\/div>\n\t\t\t\t\t<\/div>\n\t\t<\/div>\n\t\t\t\t\t<\/div>\n\t\t<\/section>\n\t\t\t\t<\/div>\n\t\t","protected":false},"excerpt":{"rendered":"<p>LIPOLASER \u00a0Lipol\u00e1ser es un tratamiento est\u00e9tico con el que se consigue reducir la grasa localizada\u00a0y, como consecuencia, disminuir el volumen corporal. Esta t\u00e9cnica, basada en la aplicaci\u00f3n de energ\u00eda l\u00e1ser de manera espec\u00edfica, produce la disoluci\u00f3n de los c\u00famulos grasos bajo la piel, reduciendo el tejido graso considerablemente.\u00a0 El lipol\u00e1ser est\u00e1 especialmente dise\u00f1ado para eliminar [&hellip;]<\/p>\n","protected":false},"author":1,"featured_media":0,"parent":0,"menu_order":0,"comment_status":"closed","ping_status":"closed","template":"","meta":{"site-sidebar-layout":"no-sidebar","site-content-layout":"page-builder","ast-site-content-layout":"","site-content-style":"default","site-sidebar-style":"default","ast-global-header-display":"","ast-banner-title-visibility":"","ast-main-header-display":"","ast-hfb-above-header-display":"","ast-hfb-below-header-display":"","ast-hfb-mobile-header-display":"","site-post-title":"disabled","ast-breadcrumbs-content":"","ast-featured-img":"disabled","footer-sml-layout":"","theme-transparent-header-meta":"","adv-header-id-meta":"","stick-header-meta":"","header-above-stick-meta":"","header-main-stick-meta":"","header-below-stick-meta":"","astra-migrate-meta-layouts":"default","ast-page-background-enabled":"default","ast-page-background-meta":{"desktop":{"background-color":"var(--ast-global-color-4)","background-image":"","background-repeat":"repeat","background-position":"center center","background-size":"auto","background-attachment":"scroll","background-type":"","background-media":"","overlay-type":"","overlay-color":"","overlay-opacity":"","overlay-gradient":""},"tablet":{"background-color":"","background-image":"","background-repeat":"repeat","background-position":"center center","background-size":"auto","background-attachment":"scroll","background-type":"","background-media":"","overlay-type":"","overlay-color":"","overlay-opacity":"","overlay-gradient":""},"mobile":{"background-color":"","background-image":"","background-repeat":"repeat","background-position":"center center","background-size":"auto","background-attachment":"scroll","background-type":"","background-media":"","overlay-type":"","overlay-color":"","overlay-opacity":"","overlay-gradient":""}},"ast-content-background-meta":{"desktop":{"background-color":"var(--ast-global-color-5)","background-image":"","background-repeat":"repeat","background-position":"center center","background-size":"auto","background-attachment":"scroll","background-type":"","background-media":"","overlay-type":"","overlay-color":"","overlay-opacity":"","overlay-gradient":""},"tablet":{"background-color":"var(--ast-global-color-5)","background-image":"","background-repeat":"repeat","background-position":"center center","background-size":"auto","background-attachment":"scroll","background-type":"","background-media":"","overlay-type":"","overlay-color":"","overlay-opacity":"","overlay-gradient":""},"mobile":{"background-color":"var(--ast-global-color-5)","background-image":"","background-repeat":"repeat","background-position":"center center","background-size":"auto","background-attachment":"scroll","background-type":"","background-media":"","overlay-type":"","overlay-color":"","overlay-opacity":"","overlay-gradient":""}},"footnotes":""},"class_list":["post-1276","page","type-page","status-publish","hentry"],"yoast_head":"<!-- This site is optimized with the Yoast SEO plugin v21.0 - https:\/\/yoast.com\/wordpress\/plugins\/seo\/ -->\n<title>LIPOLASER &raquo; centrovirginia.es<\/title>\n<meta name=\"robots\" content=\"index, follow, max-snippet:-1, max-image-preview:large, max-video-preview:-1\" \/>\n<link rel=\"canonical\" href=\"https:\/\/virginiacentrobelleza.es\/index.php\/lipolaser\/\" \/>\n<meta property=\"og:locale\" content=\"es_ES\" \/>\n<meta property=\"og:type\" content=\"article\" \/>\n<meta property=\"og:title\" content=\"LIPOLASER &raquo; centrovirginia.es\" \/>\n<meta property=\"og:description\" content=\"LIPOLASER \u00a0Lipol\u00e1ser es un tratamiento est\u00e9tico con el que se consigue reducir la grasa localizada\u00a0y, como consecuencia, disminuir el volumen corporal. Esta t\u00e9cnica, basada en la aplicaci\u00f3n de energ\u00eda l\u00e1ser de manera espec\u00edfica, produce la disoluci\u00f3n de los c\u00famulos grasos bajo la piel, reduciendo el tejido graso considerablemente.\u00a0 El lipol\u00e1ser est\u00e1 especialmente dise\u00f1ado para eliminar [&hellip;]\" \/>\n<meta property=\"og:url\" content=\"https:\/\/virginiacentrobelleza.es\/index.php\/lipolaser\/\" \/>\n<meta property=\"og:site_name\" content=\"centrovirginia.es\" \/>\n<meta property=\"article:modified_time\" content=\"2022-11-16T13:39:10+00:00\" \/>\n<meta property=\"og:image\" content=\"https:\/\/ci3.googleusercontent.com\/proxy\/NRT7pWJQcQXZ6VT6Df5fSC2lAocVBqvEu9pBCUaAeW316FfgfjgiLwivtNtlJkynH-xWIYWSTxXgkv9emnwZ0ffGdnXRLjU9jioXC3jivkDz2X1EeyMVd6Srgqhb89xYyEwXxphMN0q-peVm=s0-d-e1-ft#https:\/\/www.medicaltechnology.es\/wp-content\/uploads\/2018\/05\/lipolaser-slim-2-1024x600.jpg\" \/>\n<meta name=\"twitter:card\" content=\"summary_large_image\" \/>\n<meta name=\"twitter:label1\" content=\"Tiempo de lectura\" \/>\n\t<meta name=\"twitter:data1\" content=\"2 minutos\" \/>\n<script type=\"application\/ld+json\" class=\"yoast-schema-graph\">{\"@context\":\"https:\/\/schema.org\",\"@graph\":[{\"@type\":\"WebPage\",\"@id\":\"https:\/\/virginiacentrobelleza.es\/index.php\/lipolaser\/\",\"url\":\"https:\/\/virginiacentrobelleza.es\/index.php\/lipolaser\/\",\"name\":\"LIPOLASER &raquo; centrovirginia.es\",\"isPartOf\":{\"@id\":\"https:\/\/virginiacentrobelleza.es\/#website\"},\"datePublished\":\"2022-11-16T13:35:46+00:00\",\"dateModified\":\"2022-11-16T13:39:10+00:00\",\"breadcrumb\":{\"@id\":\"https:\/\/virginiacentrobelleza.es\/index.php\/lipolaser\/#breadcrumb\"},\"inLanguage\":\"es\",\"potentialAction\":[{\"@type\":\"ReadAction\",\"target\":[\"https:\/\/virginiacentrobelleza.es\/index.php\/lipolaser\/\"]}]},{\"@type\":\"BreadcrumbList\",\"@id\":\"https:\/\/virginiacentrobelleza.es\/index.php\/lipolaser\/#breadcrumb\",\"itemListElement\":[{\"@type\":\"ListItem\",\"position\":1,\"name\":\"Portada\",\"item\":\"https:\/\/virginiacentrobelleza.es\/\"},{\"@type\":\"ListItem\",\"position\":2,\"name\":\"LIPOLASER\"}]},{\"@type\":\"WebSite\",\"@id\":\"https:\/\/virginiacentrobelleza.es\/#website\",\"url\":\"https:\/\/virginiacentrobelleza.es\/\",\"name\":\"virginiacentrobelleza.es\",\"description\":\"S&oacute;lo otro sitio de WordPress\",\"publisher\":{\"@id\":\"https:\/\/virginiacentrobelleza.es\/#\/schema\/person\/b0baa4ae0b365b009216f49cb1cb5936\"},\"alternateName\":\"Centro Virginia\",\"potentialAction\":[{\"@type\":\"SearchAction\",\"target\":{\"@type\":\"EntryPoint\",\"urlTemplate\":\"https:\/\/virginiacentrobelleza.es\/?s={search_term_string}\"},\"query-input\":\"required name=search_term_string\"}],\"inLanguage\":\"es\"},{\"@type\":[\"Person\",\"Organization\"],\"@id\":\"https:\/\/virginiacentrobelleza.es\/#\/schema\/person\/b0baa4ae0b365b009216f49cb1cb5936\",\"name\":\"admin\",\"image\":{\"@type\":\"ImageObject\",\"inLanguage\":\"es\",\"@id\":\"https:\/\/virginiacentrobelleza.es\/#\/schema\/person\/image\/\",\"url\":\"https:\/\/virginiacentrobelleza.es\/wp-content\/uploads\/2022\/10\/cropped-54ced73337d34e33b546690dd4a78215-2.png\",\"contentUrl\":\"https:\/\/virginiacentrobelleza.es\/wp-content\/uploads\/2022\/10\/cropped-54ced73337d34e33b546690dd4a78215-2.png\",\"width\":200,\"height\":113,\"caption\":\"admin\"},\"logo\":{\"@id\":\"https:\/\/virginiacentrobelleza.es\/#\/schema\/person\/image\/\"},\"sameAs\":[\"https:\/\/virginiacentrobelleza.es\"]}]}<\/script>\n<!-- \/ Yoast SEO plugin. -->","yoast_head_json":{"title":"LIPOLASER &raquo; centrovirginia.es","robots":{"index":"index","follow":"follow","max-snippet":"max-snippet:-1","max-image-preview":"max-image-preview:large","max-video-preview":"max-video-preview:-1"},"canonical":"https:\/\/virginiacentrobelleza.es\/index.php\/lipolaser\/","og_locale":"es_ES","og_type":"article","og_title":"LIPOLASER &raquo; centrovirginia.es","og_description":"LIPOLASER \u00a0Lipol\u00e1ser es un tratamiento est\u00e9tico con el que se consigue reducir la grasa localizada\u00a0y, como consecuencia, disminuir el volumen corporal. Esta t\u00e9cnica, basada en la aplicaci\u00f3n de energ\u00eda l\u00e1ser de manera espec\u00edfica, produce la disoluci\u00f3n de los c\u00famulos grasos bajo la piel, reduciendo el tejido graso considerablemente.\u00a0 El lipol\u00e1ser est\u00e1 especialmente dise\u00f1ado para eliminar [&hellip;]","og_url":"https:\/\/virginiacentrobelleza.es\/index.php\/lipolaser\/","og_site_name":"centrovirginia.es","article_modified_time":"2022-11-16T13:39:10+00:00","og_image":[{"url":"https:\/\/ci3.googleusercontent.com\/proxy\/NRT7pWJQcQXZ6VT6Df5fSC2lAocVBqvEu9pBCUaAeW316FfgfjgiLwivtNtlJkynH-xWIYWSTxXgkv9emnwZ0ffGdnXRLjU9jioXC3jivkDz2X1EeyMVd6Srgqhb89xYyEwXxphMN0q-peVm=s0-d-e1-ft#https:\/\/www.medicaltechnology.es\/wp-content\/uploads\/2018\/05\/lipolaser-slim-2-1024x600.jpg"}],"twitter_card":"summary_large_image","twitter_misc":{"Tiempo de lectura":"2 minutos"},"schema":{"@context":"https:\/\/schema.org","@graph":[{"@type":"WebPage","@id":"https:\/\/virginiacentrobelleza.es\/index.php\/lipolaser\/","url":"https:\/\/virginiacentrobelleza.es\/index.php\/lipolaser\/","name":"LIPOLASER &raquo; centrovirginia.es","isPartOf":{"@id":"https:\/\/virginiacentrobelleza.es\/#website"},"datePublished":"2022-11-16T13:35:46+00:00","dateModified":"2022-11-16T13:39:10+00:00","breadcrumb":{"@id":"https:\/\/virginiacentrobelleza.es\/index.php\/lipolaser\/#breadcrumb"},"inLanguage":"es","potentialAction":[{"@type":"ReadAction","target":["https:\/\/virginiacentrobelleza.es\/index.php\/lipolaser\/"]}]},{"@type":"BreadcrumbList","@id":"https:\/\/virginiacentrobelleza.es\/index.php\/lipolaser\/#breadcrumb","itemListElement":[{"@type":"ListItem","position":1,"name":"Portada","item":"https:\/\/virginiacentrobelleza.es\/"},{"@type":"ListItem","position":2,"name":"LIPOLASER"}]},{"@type":"WebSite","@id":"https:\/\/virginiacentrobelleza.es\/#website","url":"https:\/\/virginiacentrobelleza.es\/","name":"virginiacentrobelleza.es","description":"S&oacute;lo otro sitio de WordPress","publisher":{"@id":"https:\/\/virginiacentrobelleza.es\/#\/schema\/person\/b0baa4ae0b365b009216f49cb1cb5936"},"alternateName":"Centro Virginia","potentialAction":[{"@type":"SearchAction","target":{"@type":"EntryPoint","urlTemplate":"https:\/\/virginiacentrobelleza.es\/?s={search_term_string}"},"query-input":"required name=search_term_string"}],"inLanguage":"es"},{"@type":["Person","Organization"],"@id":"https:\/\/virginiacentrobelleza.es\/#\/schema\/person\/b0baa4ae0b365b009216f49cb1cb5936","name":"admin","image":{"@type":"ImageObject","inLanguage":"es","@id":"https:\/\/virginiacentrobelleza.es\/#\/schema\/person\/image\/","url":"https:\/\/virginiacentrobelleza.es\/wp-content\/uploads\/2022\/10\/cropped-54ced73337d34e33b546690dd4a78215-2.png","contentUrl":"https:\/\/virginiacentrobelleza.es\/wp-content\/uploads\/2022\/10\/cropped-54ced73337d34e33b546690dd4a78215-2.png","width":200,"height":113,"caption":"admin"},"logo":{"@id":"https:\/\/virginiacentrobelleza.es\/#\/schema\/person\/image\/"},"sameAs":["https:\/\/virginiacentrobelleza.es"]}]}},"_links":{"self":[{"href":"https:\/\/virginiacentrobelleza.es\/index.php\/wp-json\/wp\/v2\/pages\/1276","targetHints":{"allow":["GET"]}}],"collection":[{"href":"https:\/\/virginiacentrobelleza.es\/index.php\/wp-json\/wp\/v2\/pages"}],"about":[{"href":"https:\/\/virginiacentrobelleza.es\/index.php\/wp-json\/wp\/v2\/types\/page"}],"author":[{"embeddable":true,"href":"https:\/\/virginiacentrobelleza.es\/index.php\/wp-json\/wp\/v2\/users\/1"}],"replies":[{"embeddable":true,"href":"https:\/\/virginiacentrobelleza.es\/index.php\/wp-json\/wp\/v2\/comments?post=1276"}],"version-history":[{"count":4,"href":"https:\/\/virginiacentrobelleza.es\/index.php\/wp-json\/wp\/v2\/pages\/1276\/revisions"}],"predecessor-version":[{"id":1280,"href":"https:\/\/virginiacentrobelleza.es\/index.php\/wp-json\/wp\/v2\/pages\/1276\/revisions\/1280"}],"wp:attachment":[{"href":"https:\/\/virginiacentrobelleza.es\/index.php\/wp-json\/wp\/v2\/media?parent=1276"}],"curies":[{"name":"wp","href":"https:\/\/api.w.org\/{rel}","templated":true}]}}