{"id":239,"date":"2021-08-25T02:16:38","date_gmt":"2021-08-25T02:16:38","guid":{"rendered":"https:\/\/virginiacentrobelleza.es\/index.php\/about\/"},"modified":"2023-01-10T16:03:19","modified_gmt":"2023-01-10T16:03:19","slug":"about","status":"publish","type":"page","link":"https:\/\/virginiacentrobelleza.es\/index.php\/about\/","title":{"rendered":"About"},"content":{"rendered":"\t\t<div data-elementor-type=\"wp-page\" data-elementor-id=\"239\" class=\"elementor elementor-239\">\n\t\t\t\t\t\t<section class=\"elementor-section elementor-top-section elementor-element elementor-element-5d7defc9 elementor-section-boxed elementor-section-height-default elementor-section-height-default\" data-id=\"5d7defc9\" data-element_type=\"section\">\n\t\t\t\t\t\t<div class=\"elementor-container elementor-column-gap-default\">\n\t\t\t\t\t<div class=\"elementor-column elementor-col-100 elementor-top-column elementor-element elementor-element-6f86f988\" data-id=\"6f86f988\" data-element_type=\"column\">\n\t\t\t<div class=\"elementor-widget-wrap elementor-element-populated\">\n\t\t\t\t\t\t<div class=\"elementor-element elementor-element-666120d2 elementor-widget elementor-widget-text-editor\" data-id=\"666120d2\" data-element_type=\"widget\" data-widget_type=\"text-editor.default\">\n\t\t\t\t<div class=\"elementor-widget-container\">\n\t\t\t\t\t\t\t\t\t<h6>\u00a0<\/h6><h6>\u00a0<\/h6><h4 style=\"text-align: center;\"><strong>\u00a0\u00bfQUIEN SOMOS?<\/strong><\/h4><div style=\"width: 1280px;\" class=\"wp-video\"><video class=\"wp-video-shortcode\" id=\"video-239-1\" width=\"1280\" height=\"720\" preload=\"metadata\" controls=\"controls\"><source type=\"video\/mp4\" src=\"https:\/\/virginiacentrobelleza.es\/wp-content\/uploads\/2022\/10\/Virginia-.mp4?_=1\" \/><a href=\"https:\/\/virginiacentrobelleza.es\/wp-content\/uploads\/2022\/10\/Virginia-.mp4\">https:\/\/virginiacentrobelleza.es\/wp-content\/uploads\/2022\/10\/Virginia-.mp4<\/a><\/video><\/div><figure><\/figure><figure><\/figure><h2>\u00a0<\/h2><p>Un espacio donde poder relajarse y descubrir todo un mundo de est\u00e9tica, cuidado del cabello y donde podr\u00e1s broncearte.<\/p><p>CENTRO VIRGINIA es un centro\u00a0de peluquer\u00eda, est\u00e9tica &amp; rayos uva que le ofrece tratamientos de belleza desde el a\u00f1o 2000.<\/p><p>Nuestro sal\u00f3n de belleza te espera para que encuentres una experiencia agradable, relajante y adem\u00e1s, te ir\u00e1s guap@ y a la moda.<\/p><p>Somos una peluquer\u00eda que trabajamos al estilo tradicional y hemos incluido servicios de coloraci\u00f3n veganos, sin amoniaco, sin PPD y resorcinol, tambi\u00e9n trabajamos con un estilo tradicional y hemos incluido una l\u00ednea de productos naturales. Nos naci\u00f3 la inquietud de trasladar al mundo profesional los tratamientos naturales, sostenibles para la salud capilar como la salud del planeta. Son menos nocivas y m\u00e1s adecuadas para cada tipo de cabello, trabajamos con una l\u00ednea con alto porcentaje de origen natural con 0% de siliconas, sulfatos, parafinas, parabenos, colorantes.<\/p><p>En est\u00e9tica trabajamos manualmente y con aparatolog\u00eda no invasiva. Nuestra especialidad son la variedad de masajes que ofrecemos con maravilloso aceites.<\/p><h4>Peluqueria<\/h4><p>Aqu\u00ed trabajamos para resaltar t\u00fa belleza<\/p><h4>Belleza<\/h4><p>La elegancia es la \u00fanica belleza que nuca desbanece<\/p><h4>Massage<\/h4><p>No es un masaje y ya. Es salud, relajaci\u00f3n y bienestar. Justo lo que necesitas sin dudar.<\/p>\t\t\t\t\t\t\t\t<\/div>\n\t\t\t\t<\/div>\n\t\t\t\t<div class=\"elementor-element elementor-element-2a537eb elementor-widget elementor-widget-spacer\" data-id=\"2a537eb\" data-element_type=\"widget\" data-widget_type=\"spacer.default\">\n\t\t\t\t<div class=\"elementor-widget-container\">\n\t\t\t\t\t\t\t<div class=\"elementor-spacer\">\n\t\t\t<div class=\"elementor-spacer-inner\"><\/div>\n\t\t<\/div>\n\t\t\t\t\t\t<\/div>\n\t\t\t\t<\/div>\n\t\t\t\t\t<\/div>\n\t\t<\/div>\n\t\t\t\t\t<\/div>\n\t\t<\/section>\n\t\t\t\t<\/div>\n\t\t","protected":false},"excerpt":{"rendered":"<p>\u00a0 \u00a0 \u00a0\u00bfQUIEN SOMOS? \u00a0 Un espacio donde poder relajarse y descubrir todo un mundo de est\u00e9tica, cuidado del cabello y donde podr\u00e1s broncearte. CENTRO VIRGINIA es un centro\u00a0de peluquer\u00eda, est\u00e9tica &amp; rayos uva que le ofrece tratamientos de belleza desde el a\u00f1o 2000. Nuestro sal\u00f3n de belleza te espera para que encuentres una experiencia [&hellip;]<\/p>\n","protected":false},"author":1,"featured_media":0,"parent":0,"menu_order":0,"comment_status":"closed","ping_status":"closed","template":"","meta":{"site-sidebar-layout":"no-sidebar","site-content-layout":"page-builder","ast-site-content-layout":"","site-content-style":"default","site-sidebar-style":"default","ast-global-header-display":"","ast-banner-title-visibility":"","ast-main-header-display":"","ast-hfb-above-header-display":"","ast-hfb-below-header-display":"","ast-hfb-mobile-header-display":"","site-post-title":"disabled","ast-breadcrumbs-content":"disabled","ast-featured-img":"disabled","footer-sml-layout":"","theme-transparent-header-meta":"enabled","adv-header-id-meta":"","stick-header-meta":"","header-above-stick-meta":"","header-main-stick-meta":"","header-below-stick-meta":"","astra-migrate-meta-layouts":"default","ast-page-background-enabled":"default","ast-page-background-meta":{"desktop":{"background-color":"var(--ast-global-color-4)","background-image":"","background-repeat":"repeat","background-position":"center center","background-size":"auto","background-attachment":"scroll","background-type":"","background-media":"","overlay-type":"","overlay-color":"","overlay-opacity":"","overlay-gradient":""},"tablet":{"background-color":"","background-image":"","background-repeat":"repeat","background-position":"center center","background-size":"auto","background-attachment":"scroll","background-type":"","background-media":"","overlay-type":"","overlay-color":"","overlay-opacity":"","overlay-gradient":""},"mobile":{"background-color":"","background-image":"","background-repeat":"repeat","background-position":"center center","background-size":"auto","background-attachment":"scroll","background-type":"","background-media":"","overlay-type":"","overlay-color":"","overlay-opacity":"","overlay-gradient":""}},"ast-content-background-meta":{"desktop":{"background-color":"var(--ast-global-color-5)","background-image":"","background-repeat":"repeat","background-position":"center center","background-size":"auto","background-attachment":"scroll","background-type":"","background-media":"","overlay-type":"","overlay-color":"","overlay-opacity":"","overlay-gradient":""},"tablet":{"background-color":"var(--ast-global-color-5)","background-image":"","background-repeat":"repeat","background-position":"center center","background-size":"auto","background-attachment":"scroll","background-type":"","background-media":"","overlay-type":"","overlay-color":"","overlay-opacity":"","overlay-gradient":""},"mobile":{"background-color":"var(--ast-global-color-5)","background-image":"","background-repeat":"repeat","background-position":"center center","background-size":"auto","background-attachment":"scroll","background-type":"","background-media":"","overlay-type":"","overlay-color":"","overlay-opacity":"","overlay-gradient":""}},"footnotes":""},"class_list":["post-239","page","type-page","status-publish","hentry"],"yoast_head":"<!-- This site is optimized with the Yoast SEO plugin v21.0 - https:\/\/yoast.com\/wordpress\/plugins\/seo\/ -->\n<title>About &raquo; centrovirginia.es<\/title>\n<meta name=\"description\" content=\"Peluquer\u00eda, mansaje, productos bio, terapias, centro de belleza, Tratamientos reductores, tratamientos reafirmantes\" \/>\n<meta name=\"robots\" content=\"index, follow, max-snippet:-1, max-image-preview:large, max-video-preview:-1\" \/>\n<link rel=\"canonical\" href=\"https:\/\/virginiacentrobelleza.es\/index.php\/about\/\" \/>\n<meta property=\"og:locale\" content=\"es_ES\" \/>\n<meta property=\"og:type\" content=\"article\" \/>\n<meta property=\"og:title\" content=\"About &raquo; centrovirginia.es\" \/>\n<meta property=\"og:description\" content=\"Peluquer\u00eda, mansaje, productos bio, terapias, centro de belleza, Tratamientos reductores, tratamientos reafirmantes\" \/>\n<meta property=\"og:url\" content=\"https:\/\/virginiacentrobelleza.es\/index.php\/about\/\" \/>\n<meta property=\"og:site_name\" content=\"centrovirginia.es\" \/>\n<meta property=\"article:modified_time\" content=\"2023-01-10T16:03:19+00:00\" \/>\n<meta name=\"twitter:card\" content=\"summary_large_image\" \/>\n<meta name=\"twitter:label1\" content=\"Tiempo de lectura\" \/>\n\t<meta name=\"twitter:data1\" content=\"1 minuto\" \/>\n<script type=\"application\/ld+json\" class=\"yoast-schema-graph\">{\"@context\":\"https:\/\/schema.org\",\"@graph\":[{\"@type\":\"WebPage\",\"@id\":\"https:\/\/virginiacentrobelleza.es\/index.php\/about\/\",\"url\":\"https:\/\/virginiacentrobelleza.es\/index.php\/about\/\",\"name\":\"About &raquo; centrovirginia.es\",\"isPartOf\":{\"@id\":\"https:\/\/virginiacentrobelleza.es\/#website\"},\"datePublished\":\"2021-08-25T02:16:38+00:00\",\"dateModified\":\"2023-01-10T16:03:19+00:00\",\"description\":\"Peluquer\u00eda, mansaje, productos bio, terapias, centro de belleza, Tratamientos reductores, tratamientos reafirmantes\",\"breadcrumb\":{\"@id\":\"https:\/\/virginiacentrobelleza.es\/index.php\/about\/#breadcrumb\"},\"inLanguage\":\"es\",\"potentialAction\":[{\"@type\":\"ReadAction\",\"target\":[\"https:\/\/virginiacentrobelleza.es\/index.php\/about\/\"]}]},{\"@type\":\"BreadcrumbList\",\"@id\":\"https:\/\/virginiacentrobelleza.es\/index.php\/about\/#breadcrumb\",\"itemListElement\":[{\"@type\":\"ListItem\",\"position\":1,\"name\":\"Portada\",\"item\":\"https:\/\/virginiacentrobelleza.es\/\"},{\"@type\":\"ListItem\",\"position\":2,\"name\":\"About\"}]},{\"@type\":\"WebSite\",\"@id\":\"https:\/\/virginiacentrobelleza.es\/#website\",\"url\":\"https:\/\/virginiacentrobelleza.es\/\",\"name\":\"virginiacentrobelleza.es\",\"description\":\"S&oacute;lo otro sitio de WordPress\",\"publisher\":{\"@id\":\"https:\/\/virginiacentrobelleza.es\/#\/schema\/person\/b0baa4ae0b365b009216f49cb1cb5936\"},\"alternateName\":\"Centro Virginia\",\"potentialAction\":[{\"@type\":\"SearchAction\",\"target\":{\"@type\":\"EntryPoint\",\"urlTemplate\":\"https:\/\/virginiacentrobelleza.es\/?s={search_term_string}\"},\"query-input\":\"required name=search_term_string\"}],\"inLanguage\":\"es\"},{\"@type\":[\"Person\",\"Organization\"],\"@id\":\"https:\/\/virginiacentrobelleza.es\/#\/schema\/person\/b0baa4ae0b365b009216f49cb1cb5936\",\"name\":\"admin\",\"image\":{\"@type\":\"ImageObject\",\"inLanguage\":\"es\",\"@id\":\"https:\/\/virginiacentrobelleza.es\/#\/schema\/person\/image\/\",\"url\":\"https:\/\/virginiacentrobelleza.es\/wp-content\/uploads\/2022\/10\/cropped-54ced73337d34e33b546690dd4a78215-2.png\",\"contentUrl\":\"https:\/\/virginiacentrobelleza.es\/wp-content\/uploads\/2022\/10\/cropped-54ced73337d34e33b546690dd4a78215-2.png\",\"width\":200,\"height\":113,\"caption\":\"admin\"},\"logo\":{\"@id\":\"https:\/\/virginiacentrobelleza.es\/#\/schema\/person\/image\/\"},\"sameAs\":[\"https:\/\/virginiacentrobelleza.es\"]}]}<\/script>\n<!-- \/ Yoast SEO plugin. -->","yoast_head_json":{"title":"About &raquo; centrovirginia.es","description":"Peluquer\u00eda, mansaje, productos bio, terapias, centro de belleza, Tratamientos reductores, tratamientos reafirmantes","robots":{"index":"index","follow":"follow","max-snippet":"max-snippet:-1","max-image-preview":"max-image-preview:large","max-video-preview":"max-video-preview:-1"},"canonical":"https:\/\/virginiacentrobelleza.es\/index.php\/about\/","og_locale":"es_ES","og_type":"article","og_title":"About &raquo; centrovirginia.es","og_description":"Peluquer\u00eda, mansaje, productos bio, terapias, centro de belleza, Tratamientos reductores, tratamientos reafirmantes","og_url":"https:\/\/virginiacentrobelleza.es\/index.php\/about\/","og_site_name":"centrovirginia.es","article_modified_time":"2023-01-10T16:03:19+00:00","twitter_card":"summary_large_image","twitter_misc":{"Tiempo de lectura":"1 minuto"},"schema":{"@context":"https:\/\/schema.org","@graph":[{"@type":"WebPage","@id":"https:\/\/virginiacentrobelleza.es\/index.php\/about\/","url":"https:\/\/virginiacentrobelleza.es\/index.php\/about\/","name":"About &raquo; centrovirginia.es","isPartOf":{"@id":"https:\/\/virginiacentrobelleza.es\/#website"},"datePublished":"2021-08-25T02:16:38+00:00","dateModified":"2023-01-10T16:03:19+00:00","description":"Peluquer\u00eda, mansaje, productos bio, terapias, centro de belleza, Tratamientos reductores, tratamientos reafirmantes","breadcrumb":{"@id":"https:\/\/virginiacentrobelleza.es\/index.php\/about\/#breadcrumb"},"inLanguage":"es","potentialAction":[{"@type":"ReadAction","target":["https:\/\/virginiacentrobelleza.es\/index.php\/about\/"]}]},{"@type":"BreadcrumbList","@id":"https:\/\/virginiacentrobelleza.es\/index.php\/about\/#breadcrumb","itemListElement":[{"@type":"ListItem","position":1,"name":"Portada","item":"https:\/\/virginiacentrobelleza.es\/"},{"@type":"ListItem","position":2,"name":"About"}]},{"@type":"WebSite","@id":"https:\/\/virginiacentrobelleza.es\/#website","url":"https:\/\/virginiacentrobelleza.es\/","name":"virginiacentrobelleza.es","description":"S&oacute;lo otro sitio de WordPress","publisher":{"@id":"https:\/\/virginiacentrobelleza.es\/#\/schema\/person\/b0baa4ae0b365b009216f49cb1cb5936"},"alternateName":"Centro Virginia","potentialAction":[{"@type":"SearchAction","target":{"@type":"EntryPoint","urlTemplate":"https:\/\/virginiacentrobelleza.es\/?s={search_term_string}"},"query-input":"required name=search_term_string"}],"inLanguage":"es"},{"@type":["Person","Organization"],"@id":"https:\/\/virginiacentrobelleza.es\/#\/schema\/person\/b0baa4ae0b365b009216f49cb1cb5936","name":"admin","image":{"@type":"ImageObject","inLanguage":"es","@id":"https:\/\/virginiacentrobelleza.es\/#\/schema\/person\/image\/","url":"https:\/\/virginiacentrobelleza.es\/wp-content\/uploads\/2022\/10\/cropped-54ced73337d34e33b546690dd4a78215-2.png","contentUrl":"https:\/\/virginiacentrobelleza.es\/wp-content\/uploads\/2022\/10\/cropped-54ced73337d34e33b546690dd4a78215-2.png","width":200,"height":113,"caption":"admin"},"logo":{"@id":"https:\/\/virginiacentrobelleza.es\/#\/schema\/person\/image\/"},"sameAs":["https:\/\/virginiacentrobelleza.es"]}]}},"_links":{"self":[{"href":"https:\/\/virginiacentrobelleza.es\/index.php\/wp-json\/wp\/v2\/pages\/239","targetHints":{"allow":["GET"]}}],"collection":[{"href":"https:\/\/virginiacentrobelleza.es\/index.php\/wp-json\/wp\/v2\/pages"}],"about":[{"href":"https:\/\/virginiacentrobelleza.es\/index.php\/wp-json\/wp\/v2\/types\/page"}],"author":[{"embeddable":true,"href":"https:\/\/virginiacentrobelleza.es\/index.php\/wp-json\/wp\/v2\/users\/1"}],"replies":[{"embeddable":true,"href":"https:\/\/virginiacentrobelleza.es\/index.php\/wp-json\/wp\/v2\/comments?post=239"}],"version-history":[{"count":54,"href":"https:\/\/virginiacentrobelleza.es\/index.php\/wp-json\/wp\/v2\/pages\/239\/revisions"}],"predecessor-version":[{"id":1347,"href":"https:\/\/virginiacentrobelleza.es\/index.php\/wp-json\/wp\/v2\/pages\/239\/revisions\/1347"}],"wp:attachment":[{"href":"https:\/\/virginiacentrobelleza.es\/index.php\/wp-json\/wp\/v2\/media?parent=239"}],"curies":[{"name":"wp","href":"https:\/\/api.w.org\/{rel}","templated":true}]}}